{"id":35974,"date":"2023-12-13T12:21:13","date_gmt":"2023-12-13T11:21:13","guid":{"rendered":"https:\/\/www.loisachtaler-hundenaturkost.de\/?page_id=35974"},"modified":"2023-12-13T12:24:31","modified_gmt":"2023-12-13T11:24:31","slug":"test-ux-builder","status":"publish","type":"page","link":"https:\/\/www.loisachtaler-hundenaturkost.de\/de-ch\/test-ux-builder\/","title":{"rendered":"Test ux builder"},"content":{"rendered":"\n\t<div id=\"gap-1688102654\" class=\"gap-element clearfix\" style=\"display:block; height:auto;\">\n\t\t\n<style>\n#gap-1688102654 {\n  padding-top: 80px;\n}\n<\/style>\n\t<\/div>\n\t\n\n<h2 style=\"text-align: center;\">Hier bestellen Sie bequem im <strong><span style=\"color: #128d3b;\">online shop<\/span><\/strong>:<\/h2>\n\t<div id=\"gap-1961341255\" class=\"gap-element clearfix\" style=\"display:block; height:auto;\">\n\t\t\n<style>\n#gap-1961341255 {\n  padding-top: 30px;\n}\n<\/style>\n\t<\/div>\n\t\n\n  <div class=\"banner-grid-wrapper\">\n  <div id=\"banner-grid-550403476\" class=\"banner-grid row row-grid row-xsmall\" data-packery-options=\"\">\n                      \n\n\n\n<div class=\"col grid-col small-4 large-4 grid-col-1-3\" ><div class=\"col-inner\">\n\n\n  <div class=\"banner has-hover\" id=\"banner-501989379\">\n          <div class=\"banner-inner fill\">\n        <div class=\"banner-bg fill\" >\n            <div class=\"bg fill bg-fill \"><\/div>\n                        <div class=\"overlay\"><\/div>            \n                    <\/div>\n\t\t\n        <div class=\"banner-layers container\">\n            <div class=\"fill banner-link\"><\/div>            \n\n   <div id=\"text-box-524396676\" class=\"text-box banner-layer x95 md-x95 lg-x95 y50 md-y50 lg-y50 res-text\">\n                                <div class=\"text-box-content text dark\">\n              \n              <div class=\"text-inner text-right\">\n                  \n\n<h2 class=\"uppercase\">&nbsp;<\/h2>\n<h3>Canidium Hundewelt<\/h3>\n<p><span style=\"font-size: 140%;\">Dein Onlineshop f\u00fcr Hundefutter.<\/span><\/p>\n<a href=\"http:\/\/canidium-shop.de\/epages\/9a3ae480-e246-446d-8f64-640913467b58.sf\/de_DE\/?ObjectPath=\/Shops\/9a3ae480-e246-446d-8f64-640913467b58\/Categories\/Category1\/Trocken\/Loisachtaler\" target=\"_blank\" class=\"button alert is-xlarge lowercase\" rel=\"noopener\"  >\n    <span>Zum Webshop<\/span>\n  <\/a>\n\n\n\n              <\/div>\n           <\/div>\n                            \n<style>\n#text-box-524396676 {\n  width: 92%;\n}\n#text-box-524396676 .text-box-content {\n  font-size: 52%;\n}\n@media (min-width:550px) {\n  #text-box-524396676 {\n    width: 40%;\n  }\n  #text-box-524396676 .text-box-content {\n    font-size: 82%;\n  }\n}\n@media (min-width:850px) {\n  #text-box-524396676 .text-box-content {\n    font-size: 100%;\n  }\n}\n<\/style>\n    <\/div>\n \n\n        <\/div>\n      <\/div>\n\n            \n<style>\n#banner-501989379 {\n  padding-top: 500px;\n}\n#banner-501989379 .bg.bg-loaded {\n  background-image: url(https:\/\/www.loisachtaler-hundenaturkost.de\/wp-content\/uploads\/2018\/03\/canidium.jpg);\n}\n#banner-501989379 .overlay {\n  background-color: rgba(52, 52, 52, 0.8);\n}\n<\/style>\n  <\/div>\n\n\n\n<\/div><\/div>\n\n\n<div class=\"col grid-col small-4 large-4 grid-col-1-3\" ><div class=\"col-inner\">\n\n\n  <div class=\"banner has-hover\" id=\"banner-312603575\">\n          <div class=\"banner-inner fill\">\n        <div class=\"banner-bg fill\" >\n            <div class=\"bg fill bg-fill \"><\/div>\n                        <div class=\"overlay\"><\/div>            \n                    <\/div>\n\t\t\n        <div class=\"banner-layers container\">\n            <div class=\"fill banner-link\"><\/div>            \n\n   <div id=\"text-box-1799477709\" class=\"text-box banner-layer x95 md-x95 lg-x95 y50 md-y50 lg-y50 res-text\">\n                                <div class=\"text-box-content text dark\">\n              \n              <div class=\"text-inner text-right\">\n                  \n\n<h2 class=\"uppercase\">&nbsp;<\/h2>\n<h3>Futterfreund GmbH<\/h3>\n<p>Seit mehr als zwei Jahrzehnten steht die Futterfreund GmbH f\u00fcr h\u00f6chste Qualit\u00e4t.<\/p>\n<a href=\"https:\/\/www.futterfreund.de\/hund\/hundefutter\/loisachtaler\" target=\"_blank\" class=\"button alert is-xlarge lowercase\" rel=\"noopener\"  >\n    <span>Zum Webshop<\/span>\n  <\/a>\n\n\n\n              <\/div>\n           <\/div>\n                            \n<style>\n#text-box-1799477709 {\n  width: 60%;\n}\n#text-box-1799477709 .text-box-content {\n  font-size: 52%;\n}\n@media (min-width:550px) {\n  #text-box-1799477709 {\n    width: 40%;\n  }\n  #text-box-1799477709 .text-box-content {\n    font-size: 60%;\n  }\n}\n@media (min-width:850px) {\n  #text-box-1799477709 .text-box-content {\n    font-size: 100%;\n  }\n}\n<\/style>\n    <\/div>\n \n\n        <\/div>\n      <\/div>\n\n            \n<style>\n#banner-312603575 {\n  padding-top: 500px;\n}\n#banner-312603575 .bg.bg-loaded {\n  background-image: url(https:\/\/www.loisachtaler-hundenaturkost.de\/wp-content\/uploads\/2018\/03\/futterfreund-1.jpg);\n}\n#banner-312603575 .overlay {\n  background-color: rgba(52, 52, 52, 0.8);\n}\n<\/style>\n  <\/div>\n\n\n\n<\/div><\/div>\n\n\n<div class=\"col grid-col large-4 grid-col-1-3\" ><div class=\"col-inner\">\n\n\n  <div class=\"banner has-hover\" id=\"banner-322029310\">\n          <div class=\"banner-inner fill\">\n        <div class=\"banner-bg fill\" >\n            <div class=\"bg fill bg-fill \"><\/div>\n                        <div class=\"overlay\"><\/div>            \n                    <\/div>\n\t\t\n        <div class=\"banner-layers container\">\n            <div class=\"fill banner-link\"><\/div>            \n\n   <div id=\"text-box-2054969518\" class=\"text-box banner-layer x95 md-x95 lg-x95 y50 md-y50 lg-y50 res-text\">\n                                <div class=\"text-box-content text dark\">\n              \n              <div class=\"text-inner text-right\">\n                  \n\n<h2 class=\"uppercase\">&nbsp;<\/h2>\n<h3>Heimtierstube 24<\/h3>\n<p>Hundefutter &#8211;&nbsp;und das seit nunmehr 20 Jahren.<\/p>\n<a href=\"http:\/\/www.heimtierstube24.de\/epages\/63809273.sf\/de_DE\/?ObjectPath=\/Shops\/63809273\/Categories\/Category1\/Loisachtaler_Hundenaturkost\" target=\"_blank\" class=\"button alert is-xlarge lowercase\" rel=\"noopener\"  >\n    <span>Zum Webshop<\/span>\n  <\/a>\n\n\n\n              <\/div>\n           <\/div>\n                            \n<style>\n#text-box-2054969518 {\n  width: 60%;\n}\n#text-box-2054969518 .text-box-content {\n  font-size: 46%;\n}\n@media (min-width:550px) {\n  #text-box-2054969518 {\n    width: 40%;\n  }\n  #text-box-2054969518 .text-box-content {\n    font-size: 70%;\n  }\n}\n@media (min-width:850px) {\n  #text-box-2054969518 .text-box-content {\n    font-size: 100%;\n  }\n}\n<\/style>\n    <\/div>\n \n\n        <\/div>\n      <\/div>\n\n            \n<style>\n#banner-322029310 {\n  padding-top: 500px;\n}\n#banner-322029310 .bg.bg-loaded {\n  background-image: url(https:\/\/www.loisachtaler-hundenaturkost.de\/wp-content\/uploads\/2018\/03\/heimtierstube24.jpg);\n}\n#banner-322029310 .overlay {\n  background-color: rgba(52, 52, 52, 0.8);\n}\n<\/style>\n  <\/div>\n\n\n\n<\/div><\/div>\n\n\n            <\/div>\n    <style>\n    #banner-grid-550403476 .grid-col-1{height: 600px}\n    #banner-grid-550403476 .grid-col-1-2{height: 300px}\n    #banner-grid-550403476 .grid-col-1-3{height:200px}\n    #banner-grid-550403476 .grid-col-2-3{height: 400px}\n    #banner-grid-550403476 .grid-col-1-4{height: 150px}\n    #banner-grid-550403476 .grid-col-3-4{height: 450px}\n\n\n    \n    \n\n  <\/style>\n    <\/div>\n  \n\t<div id=\"gap-588570322\" class=\"gap-element clearfix\" style=\"display:block; height:auto;\">\n\t\t\n<style>\n#gap-588570322 {\n  padding-top: 130px;\n}\n<\/style>\n\t<\/div>\n\t\n","protected":false},"excerpt":{"rendered":"<p>Hier bestellen Sie bequem im online shop:<\/p>\n","protected":false},"author":2,"featured_media":0,"parent":0,"menu_order":0,"comment_status":"closed","ping_status":"closed","template":"","meta":{"footnotes":""},"class_list":["post-35974","page","type-page","status-publish","hentry"],"_links":{"self":[{"href":"https:\/\/www.loisachtaler-hundenaturkost.de\/de-ch\/wp-json\/wp\/v2\/pages\/35974","targetHints":{"allow":["GET"]}}],"collection":[{"href":"https:\/\/www.loisachtaler-hundenaturkost.de\/de-ch\/wp-json\/wp\/v2\/pages"}],"about":[{"href":"https:\/\/www.loisachtaler-hundenaturkost.de\/de-ch\/wp-json\/wp\/v2\/types\/page"}],"author":[{"embeddable":true,"href":"https:\/\/www.loisachtaler-hundenaturkost.de\/de-ch\/wp-json\/wp\/v2\/users\/2"}],"replies":[{"embeddable":true,"href":"https:\/\/www.loisachtaler-hundenaturkost.de\/de-ch\/wp-json\/wp\/v2\/comments?post=35974"}],"version-history":[{"count":2,"href":"https:\/\/www.loisachtaler-hundenaturkost.de\/de-ch\/wp-json\/wp\/v2\/pages\/35974\/revisions"}],"predecessor-version":[{"id":35977,"href":"https:\/\/www.loisachtaler-hundenaturkost.de\/de-ch\/wp-json\/wp\/v2\/pages\/35974\/revisions\/35977"}],"wp:attachment":[{"href":"https:\/\/www.loisachtaler-hundenaturkost.de\/de-ch\/wp-json\/wp\/v2\/media?parent=35974"}],"curies":[{"name":"wp","href":"https:\/\/api.w.org\/{rel}","templated":true}]}}