{"id":35479,"date":"2019-02-05T10:49:40","date_gmt":"2019-02-05T09:49:40","guid":{"rendered":"https:\/\/v2.loisachtaler-hundenaturkost.de\/faq\/"},"modified":"2023-10-16T16:42:26","modified_gmt":"2023-10-16T14:42:26","slug":"faq","status":"publish","type":"page","link":"https:\/\/www.loisachtaler-hundenaturkost.de\/de-ch\/faq\/","title":{"rendered":"FAQ"},"content":{"rendered":"\n\t<div id=\"gap-619409234\" class=\"gap-element clearfix\" style=\"display:block; height:auto;\">\n\t\t\n<style>\n#gap-619409234 {\n  padding-top: 30px;\n}\n<\/style>\n\t<\/div>\n\t\n\n<div class=\"row align-equal align-center\"  id=\"row-1477728162\">\n\n\n\t<div id=\"col-38518072\" class=\"col large-12\"  >\n\t\t\t\t<div class=\"col-inner text-center\"  >\n\t\t\t\n\t\t\t\n\n\t<div id=\"gap-2141980011\" class=\"gap-element clearfix\" style=\"display:block; height:auto;\">\n\t\t\n<style>\n#gap-2141980011 {\n  padding-top: 50px;\n}\n<\/style>\n\t<\/div>\n\t\n\n<div class=\"container section-title-container\" ><h3 class=\"section-title section-title-center\"><b><\/b><span class=\"section-title-main\" style=\"font-size:137%;color:rgb(48, 117, 185);\"><i class=\"icon-user\" ><\/i>FAQs - Frequently asked questions:<\/span><b><\/b><\/h3><\/div>\n\n<div class=\"row row-large row-full-width align-equal\"  id=\"row-567712229\">\n\n\n\t<div id=\"col-438533751\" class=\"col medium-6 small-12 large-6\"  >\n\t\t\t\t<div class=\"col-inner\"  >\n\t\t\t\n\t\t\t\n\n<div class=\"accordion\">\n\n\t<div id=\"accordion-2372469409\" class=\"accordion-item\">\n\t\t<a id=\"accordion-2372469409-label\" class=\"accordion-title plain\" href=\"#accordion-item-wo-kann-ich-ihre-produkte-erhalten-und-verkaufen-sie-auch-an-privatpersonen?\" aria-expanded=\"false\" aria-controls=\"accordion-2372469409-content\" >\n\t\t\t<button class=\"toggle\" aria-label=\"Toggle\"><i class=\"icon-angle-down\"><\/i><\/button>\n\t\t\t<span>Wo kann ich Ihre Produkte erhalten und verkaufen Sie auch an Privatpersonen?<\/span>\n\t\t<\/a>\n\t\t<div id=\"accordion-2372469409-content\" class=\"accordion-inner\" aria-labelledby=\"accordion-2372469409-label\" >\n\t\t\t\n\n<p style=\"text-align: left;\">Der Vertrieb findet ausschlie\u00dflich \u00fcber Fachh\u00e4ndler und externe Online Shops statt. Welcher H\u00e4ndler in Ihrer N\u00e4he ist, k\u00f6nnen Sie auf unserer Webseite unter H\u00e4ndlersuche sehen.<\/p>\n\n\t\t<\/div>\n\t<\/div>\n\t\n\t<div id=\"accordion-1472392403\" class=\"accordion-item\">\n\t\t<a id=\"accordion-1472392403-label\" class=\"accordion-title plain\" href=\"#accordion-item-ab-welchem-alter-kann-ich-meinem-hund-nassfutter-bzw.-loisachtaler-hundenaturkost-f\u00fcttern?\" aria-expanded=\"false\" aria-controls=\"accordion-1472392403-content\" >\n\t\t\t<button class=\"toggle\" aria-label=\"Toggle\"><i class=\"icon-angle-down\"><\/i><\/button>\n\t\t\t<span>Ab welchem Alter kann ich meinem Hund Nassfutter bzw. Loisachtaler Hundenaturkost f\u00fcttern?<\/span>\n\t\t<\/a>\n\t\t<div id=\"accordion-1472392403-content\" class=\"accordion-inner\" aria-labelledby=\"accordion-1472392403-label\" >\n\t\t\t\n\n<p style=\"text-align: center;\">In der Regel werden Welpen ab der 4-5 Woche zus\u00e4tzlich zur Muttermilch zugefl\u00fcstert. Diese Zuf\u00fctterung kann bereits mit Nassfutter gemacht werden. Ab der 8-10 Woche kann dann komplett auf Nassfutter umgestellt werden. Wenn die F\u00fctterung von Nassfutter f\u00fcr den Hund vorgesehen ist, w\u00fcrden wir empfehlen die Zuf\u00fctterung auch mit Nassfutter zu machen um eine Umstellung der Futterart zu vermeiden. Bei jungen Hunden beachten Sie bitte auch unsere Tipps zum Theme Futtererg\u00e4nzung, siehe andere Frage.<\/p>\n\n\t\t<\/div>\n\t<\/div>\n\t\n\t<div id=\"accordion-1881021964\" class=\"accordion-item\">\n\t\t<a id=\"accordion-1881021964-label\" class=\"accordion-title plain\" href=\"#accordion-item-ich-f\u00fcttere-meinem-hund-ausschlie\u00dflich-trockenfutter-oder-rohfleisch-(barf)-und-will-aber-auf-loisachtaler-umsteigen.-was-muss-ich-beachten?\" aria-expanded=\"false\" aria-controls=\"accordion-1881021964-content\" >\n\t\t\t<button class=\"toggle\" aria-label=\"Toggle\"><i class=\"icon-angle-down\"><\/i><\/button>\n\t\t\t<span>Ich f\u00fcttere meinem Hund ausschlie\u00dflich Trockenfutter oder Rohfleisch (Barf) und will aber auf Loisachtaler umsteigen. Was muss ich beachten?<\/span>\n\t\t<\/a>\n\t\t<div id=\"accordion-1881021964-content\" class=\"accordion-inner\" aria-labelledby=\"accordion-1881021964-label\" >\n\t\t\t\n\n<p style=\"text-align: center;\">Ein Umstieg von Rohfleischf\u00fctterung auf Loisachtaler ist nahtlos und ohne Um-\/Eingew\u00f6hnugsphase m\u00f6glich. Ein direkter Umstieg von Trockenfutter auf Nassfutter bzw. Loisachtaler ist nicht m\u00f6glich. Hier ist vor allem bei Hunden die nur Trockenfutter gew\u00f6hnt sind ein langsamer Umstieg n\u00f6tig. Wir empfehlen unabh\u00e4ngig von der Gr\u00f6\u00dfe des Hundes einen l\u00f6ffelweisen Umstieg auf Nassfutter. (1. Tag einen L\u00f6ffel Nassfutter, 2. Tag zwei L\u00f6ffel Nassfutter usw.) Das man hierbei aufgrund von Haltbarkeit oft nicht die ganze Dose verf\u00fcttern kann, l\u00e4sst sich nicht vermeiden. Wir empfehlen f\u00fcr den Umstieg den Kauf von 200-Gramm oder 400-Gramm Dosen.<\/p>\n\n\t\t<\/div>\n\t<\/div>\n\t\n\t<div id=\"accordion-1776061387\" class=\"accordion-item\">\n\t\t<a id=\"accordion-1776061387-label\" class=\"accordion-title plain\" href=\"#accordion-item-muss-ich,-wenn-ich-eine-loisachtaler-dose-f\u00fcttere,-irgendwelche-zusatzmittel-\/-erg\u00e4nzungsmittel-in-das-futter-geben,-um-den-bedarf-meines-hundes-abzudecken?\" aria-expanded=\"false\" aria-controls=\"accordion-1776061387-content\" >\n\t\t\t<button class=\"toggle\" aria-label=\"Toggle\"><i class=\"icon-angle-down\"><\/i><\/button>\n\t\t\t<span>Muss ich, wenn ich eine Loisachtaler Dose f\u00fcttere, irgendwelche Zusatzmittel \/ Erg\u00e4nzungsmittel in das Futter geben, um den Bedarf meines Hundes abzudecken?<\/span>\n\t\t<\/a>\n\t\t<div id=\"accordion-1776061387-content\" class=\"accordion-inner\" aria-labelledby=\"accordion-1776061387-label\" >\n\t\t\t\n\n<p style=\"text-align: center;\">Wenn Sie die Sorten Loisachtaler Hundenaturkost durchwechseln ist der Bedarf des Hundes abgedeckt. Der Wechsel der Sorten ist wichtig, da dem Hund dadurch unter anderem verschiedene Vitamine und Proteinquellen zugef\u00fchrt werden. (Beispiel: die Zugabe von Jod kann durch die F\u00fctterung &#8211; 1xWoche &#8211; des Lachstopfes automatisch gemacht werden).<\/p>\n<p style=\"text-align: center;\">Abgesehen von der Futterart sowie der Marke, empfehlen wir die Zugabe (in regelm\u00e4\u00dfigen Abst\u00e4nden) z.B.:<\/p>\n<ul style=\"text-align: center;\">\n<li>Seealgenmehl (f\u00fcr Fell und Schilddr\u00fcsenfunktion)<\/li>\n<li>Gr\u00fcnlippmuschelpulver (f\u00fcr Herz, Knorpeln, Gelenke)<\/li>\n<li>Lein\u00f6l (f\u00fcr Fell, Haut, Stoffwechsel und Verdauung)<\/li>\n<li>Dorschlebertran (f\u00fcr Knochenbau, Wachstumsf\u00f6rdernd, Konstitution, Fell)<\/li>\n<\/ul>\n<p style=\"text-align: center;\">Bitte beachten Sie die richtige Dosierung der Produkte!<\/p>\n\n\t\t<\/div>\n\t<\/div>\n\t\n\t<div id=\"accordion-2894610067\" class=\"accordion-item\">\n\t\t<a id=\"accordion-2894610067-label\" class=\"accordion-title plain\" href=\"#accordion-item-ich-komme-aus-\u00d6sterreich,-der-schweiz-oder-dem-europ\u00e4ischen-ausland.-welcher-h\u00e4ndler-w\u00fcrde-mich-beliefern?\" aria-expanded=\"false\" aria-controls=\"accordion-2894610067-content\" >\n\t\t\t<button class=\"toggle\" aria-label=\"Toggle\"><i class=\"icon-angle-down\"><\/i><\/button>\n\t\t\t<span>Ich komme aus \u00d6sterreich, der Schweiz oder dem europ\u00e4ischen Ausland. Welcher H\u00e4ndler w\u00fcrde mich beliefern?<\/span>\n\t\t<\/a>\n\t\t<div id=\"accordion-2894610067-content\" class=\"accordion-inner\" aria-labelledby=\"accordion-2894610067-label\" >\n\t\t\t\n\n<p>In das europ\u00e4ische Ausland versenden folgende H\u00e4ndler:<\/p>\n<p>pfotenversand.de<br>\ncanidium-shop.de<br>\nheimtierstube.com<br>\nheimtierstube24.de<br>\nhundskerle.de<\/p>\n<p>futterfreund.de:<br>\nD\u00e4nemark&nbsp;&nbsp;&nbsp;&nbsp;&nbsp;&nbsp;&nbsp; &nbsp;&nbsp;&nbsp;&nbsp;&nbsp;&nbsp;&nbsp;&nbsp;&nbsp;&nbsp; 15,00 \u20ac je 30 kg Paket<br>\nLuxemburg&nbsp;&nbsp;&nbsp;&nbsp;&nbsp; &nbsp;&nbsp;&nbsp;&nbsp;&nbsp;&nbsp;&nbsp;&nbsp;&nbsp;&nbsp;&nbsp; 12,00 \u20ac je 30 kg Paket<br>\nBelgien&nbsp;&nbsp;&nbsp;&nbsp;&nbsp;&nbsp;&nbsp;&nbsp;&nbsp;&nbsp; &nbsp;&nbsp;&nbsp;&nbsp;&nbsp;&nbsp;&nbsp;&nbsp;&nbsp;&nbsp;&nbsp; 10,00 \u20ac je 30 kg Paket<br>\nNiederlande&nbsp;&nbsp;&nbsp; &nbsp;&nbsp;&nbsp;&nbsp;&nbsp;&nbsp;&nbsp;&nbsp;&nbsp;&nbsp;&nbsp; 10,00 \u20ac je 30 kg Paket<br>\nItalien&nbsp; &nbsp;&nbsp;&nbsp;&nbsp;&nbsp;&nbsp;&nbsp;&nbsp;&nbsp;&nbsp;&nbsp;&nbsp;&nbsp;&nbsp;&nbsp;&nbsp;&nbsp;&nbsp;&nbsp;&nbsp;&nbsp;&nbsp; &nbsp;15,00 \u20ac je 30 kg Paket<br>\nSpanien Festland&nbsp;&nbsp;&nbsp;&nbsp;&nbsp;&nbsp;&nbsp;&nbsp; 17,00 \u20ac je 30 kg Paket<br>\n\u00d6sterreich &nbsp; &nbsp; &nbsp; &nbsp; &nbsp; &nbsp; &nbsp; &nbsp; &nbsp; &nbsp;9,00 \u20ac je 30 kg Paket<\/p>\n\n\t\t<\/div>\n\t<\/div>\n\t\n\n<\/div>\n\n\t\t<\/div>\n\t\t\t\t\n<style>\n#col-438533751 > .col-inner {\n  margin: 0px 0px 0px 40px;\n}\n<\/style>\n\t<\/div>\n\n\t\n\n\t<div id=\"col-1299112572\" class=\"col medium-6 small-12 large-6\"  >\n\t\t\t\t<div class=\"col-inner\"  >\n\t\t\t\n\t\t\t\n\n<div class=\"accordion\">\n\n\t<div id=\"accordion-2700983558\" class=\"accordion-item\">\n\t\t<a id=\"accordion-2700983558-label\" class=\"accordion-title plain\" href=\"#accordion-item-welche-menge-loisachtaler-hundenaturkost-braucht-mein-hund?\" aria-expanded=\"false\" aria-controls=\"accordion-2700983558-content\" >\n\t\t\t<button class=\"toggle\" aria-label=\"Toggle\"><i class=\"icon-angle-down\"><\/i><\/button>\n\t\t\t<span>Welche Menge Loisachtaler Hundenaturkost braucht mein Hund?<\/span>\n\t\t<\/a>\n\t\t<div id=\"accordion-2700983558-content\" class=\"accordion-inner\" aria-labelledby=\"accordion-2700983558-label\" >\n\t\t\t\n\n<p>Der Bedarf jedes Hundes ist unterschiedlich und bei der Ermittlung der Futtermenge sind unterschiedliche Faktoren zu beachten. Junge und im Wachstum befindliche Hunde sowie besonders aktive Hunde brauchen deutlich mehr Futter als \u00e4ltere oder nicht sehr aktive Hunde. Unsere Futtermengenempfehlung befindet sich auf der Dose und ist je nach Sorte auch unterschiedlich (unterschiedliche Proteinquellen).<\/p>\n<p>Bei jungen und im Wachstum befindlichen Hunden sowie besonders aktiven Hunden empfehlen wir nat\u00fcrliche Fette zuzusetzen. (Entenfett, Rinderfett)<\/p>\n\n\t\t<\/div>\n\t<\/div>\n\t\n\t<div id=\"accordion-1697437656\" class=\"accordion-item\">\n\t\t<a id=\"accordion-1697437656-label\" class=\"accordion-title plain\" href=\"#accordion-item-wie-lange-kann-ich-eine-ge\u00f6ffnete-dose-loisachtaler-f\u00fcttern?\" aria-expanded=\"false\" aria-controls=\"accordion-1697437656-content\" >\n\t\t\t<button class=\"toggle\" aria-label=\"Toggle\"><i class=\"icon-angle-down\"><\/i><\/button>\n\t\t\t<span>Wie lange kann ich eine ge\u00f6ffnete Dose Loisachtaler f\u00fcttern?<\/span>\n\t\t<\/a>\n\t\t<div id=\"accordion-1697437656-content\" class=\"accordion-inner\" aria-labelledby=\"accordion-1697437656-label\" >\n\t\t\t\n\n<p style=\"text-align: left;\">Im K\u00fchlschrank kann die Dose mit passendem Dosendeckel 2-3 Tage aufbewahrt werden. Grunds\u00e4tzlich gilt hier aber das Gleiche wie bei anderen Lebensmitteln auch, immer auf Konsistenz und Geruch achten. Unsere passenden Deckel bekommen sie auf Nachfrage bei Ihrem H\u00e4ndler.<\/p>\n\n\t\t<\/div>\n\t<\/div>\n\t\n\t<div id=\"accordion-2839696341\" class=\"accordion-item\">\n\t\t<a id=\"accordion-2839696341-label\" class=\"accordion-title plain\" href=\"#accordion-item-mein-hund-ist-zu-schwer,-kann-ich-loisachtaler-hundenaturkost-f\u00fcr-eine-di\u00e4t-benutzen?\" aria-expanded=\"false\" aria-controls=\"accordion-2839696341-content\" >\n\t\t\t<button class=\"toggle\" aria-label=\"Toggle\"><i class=\"icon-angle-down\"><\/i><\/button>\n\t\t\t<span>Mein Hund ist zu schwer, kann ich Loisachtaler Hundenaturkost f\u00fcr eine Di\u00e4t benutzen?<\/span>\n\t\t<\/a>\n\t\t<div id=\"accordion-2839696341-content\" class=\"accordion-inner\" aria-labelledby=\"accordion-2839696341-label\" >\n\t\t\t\n\n<p>Neben Bewegung und einer richtigen Di\u00e4tplanung (inklusive Einplanung Leckerlies und Belohnungen), kann Loisachtaler auch bei der Di\u00e4t helfen.<\/p>\n<p>Bei Loisachtaler Hundenaturkost ist das Fleisch bzw. die Dose immer entfettet. Zusammen mit Gem\u00fcse oder Gem\u00fcseflocken ist der Hund ges\u00e4ttigt (Menge) und hat gleichzeitig wenig Kalorien bei einer verh\u00e4ltnism\u00e4\u00dfig hohen Eiweisszufuhr.<\/p>\n<p>Nach unserer Meinung sind alle Arten von Trockenfutter (auch Di\u00e4ttrockenfutter) f\u00fcr eine Gewichtsreduzierung absolut ungeeignet.<\/p>\n\n\t\t<\/div>\n\t<\/div>\n\t\n\t<div id=\"accordion-1042331815\" class=\"accordion-item\">\n\t\t<a id=\"accordion-1042331815-label\" class=\"accordion-title plain\" href=\"#accordion-item-mein-hund-hat-viele-unvertr\u00e4glichkeiten,-kann-mir-loisachtaler-hundenaturkost-da-weiterhelfen?\" aria-expanded=\"false\" aria-controls=\"accordion-1042331815-content\" >\n\t\t\t<button class=\"toggle\" aria-label=\"Toggle\"><i class=\"icon-angle-down\"><\/i><\/button>\n\t\t\t<span>Mein Hund hat viele Unvertr\u00e4glichkeiten, kann mir Loisachtaler Hundenaturkost da weiterhelfen?<\/span>\n\t\t<\/a>\n\t\t<div id=\"accordion-1042331815-content\" class=\"accordion-inner\" aria-labelledby=\"accordion-1042331815-label\" >\n\t\t\t\n\n<p>Wir haben in unsere Arbeit f\u00fcr den Hund und mit den Hundebesitzern viel Kontakt zu Hunden mit Unvertr\u00e4glichkeiten. Aus Erfahrung k\u00f6nnen wir sagen, dass vielen Hunden mit dem Verzicht auf k\u00fcnstliche Konservierungsstoffe und k\u00fcnstlichen Vitaminen, wie es bei Loisachtaler Hundenaturkost der Fall ist, geholfen ist. Viele vermeintliche Unvertr\u00e4glichkeiten bez\u00fcglich Fleischsorte oder anderen Lebensmitteln stellen sich dann als nichtig heraus. Grunds\u00e4tzlich empfehlen wir bei akuten Unvertr\u00e4glichkeiten einen Hundeern\u00e4hrungsberater\/-in aufzusuchen.<\/p>\n\n\t\t<\/div>\n\t<\/div>\n\t\n\t<div id=\"accordion-2691091844\" class=\"accordion-item\">\n\t\t<a id=\"accordion-2691091844-label\" class=\"accordion-title plain\" href=\"#accordion-item-ich-w\u00fcrde-gerne-h\u00e4ndler-f\u00fcr-loisachtaler-hundenaturkost-werden?\" aria-expanded=\"false\" aria-controls=\"accordion-2691091844-content\" >\n\t\t\t<button class=\"toggle\" aria-label=\"Toggle\"><i class=\"icon-angle-down\"><\/i><\/button>\n\t\t\t<span>Ich w\u00fcrde gerne H\u00e4ndler f\u00fcr Loisachtaler Hundenaturkost werden?<\/span>\n\t\t<\/a>\n\t\t<div id=\"accordion-2691091844-content\" class=\"accordion-inner\" aria-labelledby=\"accordion-2691091844-label\" >\n\t\t\t\n\n<p>Wir nehmen nur H\u00e4ndler nach pers\u00f6nlichem Kontakt und Besichtigung der Verkaufsr\u00e4umlichkeiten auf. Das Zusenden einer Gewerbeanmeldung reicht hierf\u00fcr nicht aus.<\/p>\n\n\t\t<\/div>\n\t<\/div>\n\t\n\t<div id=\"accordion-478873967\" class=\"accordion-item\">\n\t\t<a id=\"accordion-478873967-label\" class=\"accordion-title plain\" href=\"#accordion-item-ich-habe-probleme-mit-einer-dose-bzw.-mit-einem-loisachtaler-artikel,-wer-ist-mein-ansprechpartner?\" aria-expanded=\"false\" aria-controls=\"accordion-478873967-content\" >\n\t\t\t<button class=\"toggle\" aria-label=\"Toggle\"><i class=\"icon-angle-down\"><\/i><\/button>\n\t\t\t<span>Ich habe Probleme mit einer Dose bzw. mit einem Loisachtaler Artikel, wer ist mein Ansprechpartner?<\/span>\n\t\t<\/a>\n\t\t<div id=\"accordion-478873967-content\" class=\"accordion-inner\" aria-labelledby=\"accordion-478873967-label\" >\n\t\t\t\n\n<p>Sie k\u00f6nnen sich gerne direkt an uns wenden oder auch an den H\u00e4ndler, bei dem Sie das Futter bezogen haben. Aufgrund der Direktbelieferung stehen wir in engem Kontakt zu unseren H\u00e4ndlern und sind bei vielen H\u00e4ndlern fast w\u00f6chentlich vor Ort und k\u00f6nnen dadurch Kundenanfragen, Reklamationen o. \u00e4. schnell und in direkter Zusammenarbeit mit dem H\u00e4ndler kl\u00e4ren.<\/p>\n\n\t\t<\/div>\n\t<\/div>\n\t\n\t<div id=\"accordion-3155152640\" class=\"accordion-item\">\n\t\t<a id=\"accordion-3155152640-label\" class=\"accordion-title plain\" href=\"#accordion-item-ich-w\u00fcrde-loisachtaler-gerne-ausprobieren.-senden-sie-auch-futterproben-zu?\" aria-expanded=\"false\" aria-controls=\"accordion-3155152640-content\" >\n\t\t\t<button class=\"toggle\" aria-label=\"Toggle\"><i class=\"icon-angle-down\"><\/i><\/button>\n\t\t\t<span>Ich w\u00fcrde Loisachtaler gerne ausprobieren. Senden Sie auch Futterproben zu?<\/span>\n\t\t<\/a>\n\t\t<div id=\"accordion-3155152640-content\" class=\"accordion-inner\" aria-labelledby=\"accordion-3155152640-label\" >\n\t\t\t\n\n<p>Bei Loisachtaler steht nicht nur Hundenaturkost drauf, sondern ist auch Naturkost drin. Entsprechend kostenintensive ist die Herstellung unserer Dosen (inkl. Rohstoffe). Aus diesem Grund ist es nicht m\u00f6glich kostenlose Dosen an Endverbraucher zu senden. Au\u00dferdem findet aufgrund der Loyalit\u00e4t unseren H\u00e4ndlern gegen\u00fcber, kein Direktversand\/Direktverkauf an Endkunden statt.<\/p>\n\n\t\t<\/div>\n\t<\/div>\n\t\n\n<\/div>\n\n\t\t<\/div>\n\t\t\t\t\t<\/div>\n\n\t\n\n\n<style>\n#row-567712229 > .col > .col-inner {\n  padding: 0px 50px 0px 0px;\n}\n<\/style>\n<\/div>\n\n\t\t<\/div>\n\t\t\t\t\t<\/div>\n\n\t\n\n<\/div>\n<div class=\"row row-small align-equal align-center row-dashed\" style=\"max-width:1068px\" id=\"row-850359702\">\n\n\n\t<div id=\"col-1599703203\" class=\"col medium-10 small-12 large-6\"  >\n\t\t\t\t<div class=\"col-inner\"  >\n\t\t\t\n\t\t\t\n\n<p class=\"lead\" style=\"text-align: center;\"><span style=\"color: #3075b9;\"><strong>Senden Sie uns gerne Ihre Fragen<\/strong><\/span><\/p>\n<div class=\"text-center\"><div class=\"is-divider divider clearfix\" style=\"max-width:240px;height:1px;background-color:rgb(113, 113, 113);\"><\/div><\/div>\n\n<p style=\"text-align: center;\">Bitte haben Sie Verst\u00e4ndnis daf\u00fcr, dass wir nur<br>\n<span style=\"color: #3075b9;\"><strong>Emails mit Name, Anschrift und Telefonnummer beantworten.<\/strong><\/span><\/p>\n<p style=\"text-align: center;\"><span style=\"color: #3075b9;\"><strong>Anonyme Emails werden nicht beantwortet.<\/strong><\/span><\/p>\n<p style=\"text-align: center; padding: 0px 20px;\">Bei vielen Fragen und Kontaktaufnahmen bez\u00fcglich unserem Futter oder Hundefutter im Allgemeinen (auch Unvertr\u00e4glichkeiten) geht es um komplexe, pers\u00f6nliche Sachverhalte und eine Antwort mit 1-2 S\u00e4tzen reicht hier oft nicht aus. Darum bitten wir immer um die Angabe der <span style=\"color: #3075b9;\"><strong>Telefonnummer<\/strong><\/span>, um in solchen F\u00e4llen in einem pers\u00f6nlichen Gespr\u00e4ch weiterhelfen zu k\u00f6nnen.<\/p>\n\n\t\t<\/div>\n\t\t\t\t\n<style>\n#col-1599703203 > .col-inner {\n  padding: 60px 0px 0px 0px;\n}\n<\/style>\n\t<\/div>\n\n\t\n\n\t<div id=\"col-1165651823\" class=\"col medium-10 small-12 large-6\"  >\n\t\t\t\t<div class=\"col-inner\"  >\n\t\t\t\n\t\t\t\n\n<div class=\"cf7sg-container cf7sg-not-grid\"><div id=\"cf7sg-form-contact-form-1\" class=\" key_contact-form-1\">\n<div class=\"wpcf7 no-js\" id=\"wpcf7-f6-o1\" lang=\"de-DE\" dir=\"ltr\">\n<div class=\"screen-reader-response\"><p role=\"status\" aria-live=\"polite\" aria-atomic=\"true\"><\/p> <ul><\/ul><\/div>\n<form action=\"\/de-ch\/wp-json\/wp\/v2\/pages\/35479#wpcf7-f6-o1\" method=\"post\" class=\"wpcf7-form init\" aria-label=\"Kontaktformular\" novalidate=\"novalidate\" data-status=\"init\">\n<div style=\"display: none;\">\n<input type=\"hidden\" name=\"_wpcf7\" value=\"6\" \/>\n<input type=\"hidden\" name=\"_wpcf7_version\" value=\"5.8.4\" \/>\n<input type=\"hidden\" name=\"_wpcf7_locale\" value=\"de_DE\" \/>\n<input type=\"hidden\" name=\"_wpcf7_unit_tag\" value=\"wpcf7-f6-o1\" \/>\n<input type=\"hidden\" name=\"_wpcf7_container_post\" value=\"0\" \/>\n<input type=\"hidden\" name=\"_wpcf7_posted_data_hash\" value=\"\" \/>\n<input type=\"hidden\" name=\"_wpcf7_key\" value=\"contact-form-1\" \/>\n<input type=\"hidden\" name=\"_cf7sg_toggles\" value=\"\" \/>\n<input type=\"hidden\" name=\"_cf7sg_version\" value=\"4.15.8\" \/>\n<input type=\"hidden\" name=\"_wpnonce\" value=\"abf164c1e6\" \/>\n<\/div>\n<p><label> Ihr Name<br \/>\n<span class=\"wpcf7-form-control-wrap\" data-name=\"your-name\"><input size=\"40\" class=\"wpcf7-form-control wpcf7-text wpcf7-validates-as-required\" aria-required=\"true\" aria-invalid=\"false\" value=\"\" type=\"text\" name=\"your-name\" \/><\/span> <\/label>\n<\/p>\n<p><label> Ihre Telefonnummer (Pflichtfeld)<br \/>\n<span class=\"wpcf7-form-control-wrap\" data-name=\"tel-117\"><input size=\"40\" class=\"wpcf7-form-control wpcf7-tel wpcf7-validates-as-required wpcf7-text wpcf7-validates-as-tel\" aria-required=\"true\" aria-invalid=\"false\" value=\"\" type=\"tel\" name=\"tel-117\" \/><\/span><\/label>\n<\/p>\n<p><label> Ihre Email<br \/>\n<span class=\"wpcf7-form-control-wrap\" data-name=\"your-email\"><input size=\"40\" class=\"wpcf7-form-control wpcf7-email wpcf7-text wpcf7-validates-as-email\" aria-invalid=\"false\" value=\"\" type=\"email\" name=\"your-email\" \/><\/span> <\/label>\n<\/p>\n<p><label> Nachricht<br \/>\n<span class=\"wpcf7-form-control-wrap\" data-name=\"your-message\"><textarea cols=\"40\" rows=\"10\" class=\"wpcf7-form-control wpcf7-textarea\" aria-invalid=\"false\" name=\"your-message\"><\/textarea><\/span> <\/label>\n<\/p>\n<p><span class=\"wpcf7-form-control-wrap kc_captcha\" data-name=\"kc_captcha\"><span class=\"wpcf7-form-control wpcf7-radio\"><span class=\"captcha-image\" ><span class=\"cf7ic_instructions\">Bitte beweise, dass du kein Spambot bist und w\u00e4hle das Symbol<span> Auto<\/span>.<\/span><label><input type=\"radio\" name=\"kc_captcha\" value=\"kc_human\" \/><svg width=\"50\" height=\"50\" aria-hidden=\"true\" role=\"img\" xmlns=\"http:\/\/www.w3.org\/2000\/svg\" viewBox=\"0 0 512 512\"><path fill=\"currentColor\" d=\"M500 168h-55l-8-21a127 127 0 00-120-83H195a127 127 0 00-120 83l-8 21H12c-8 0-14 8-11 16l8 24a12 12 0 0011 8h29a64 64 0 00-33 56v48c0 16 6 31 16 42v62c0 13 11 24 24 24h48c13 0 24-11 24-24v-40h256v40c0 13 11 24 24 24h48c13 0 24-11 24-24v-62c10-11 16-26 16-42v-48c0-24-13-45-33-56h29a12 12 0 0011-8l8-24c3-8-3-16-11-16zm-365 2c9-25 33-42 60-42h122c27 0 51 17 60 42l15 38H120l15-38zM88 328a32 32 0 010-64c18 0 48 30 48 48s-30 16-48 16zm336 0c-18 0-48 2-48-16s30-48 48-48 32 14 32 32-14 32-32 32z\"\/><\/svg><\/label><label><input type=\"radio\" name=\"kc_captcha\" value=\"bot\" \/><svg width=\"50\" height=\"50\" aria-hidden=\"true\" role=\"img\" xmlns=\"http:\/\/www.w3.org\/2000\/svg\" viewBox=\"0 0 512 512\"><path fill=\"currentColor\" d=\"M512 176a176 176 0 01-209 173l-24 27a24 24 0 01-18 8h-37v40c0 13-11 24-24 24h-40v40c0 13-11 24-24 24H24c-13 0-24-11-24-24v-78c0-6 3-13 7-17l162-162a176 176 0 11343-55zm-176-48a48 48 0 1096 0 48 48 0 00-96 0z\"\/><\/svg><\/label><label><input type=\"radio\" name=\"kc_captcha\" value=\"bot\" \/><svg width=\"50\" height=\"50\" aria-hidden=\"true\" role=\"img\" xmlns=\"http:\/\/www.w3.org\/2000\/svg\" viewBox=\"0 0 384 512\"><path fill=\"currentColor\" d=\"M377 375l-83-87h34c21 0 32-25 17-40l-82-88h33c21 0 32-25 18-40L210 8c-10-11-26-11-36 0L70 120c-14 15-3 40 18 40h33l-82 88c-15 15-4 40 17 40h34L7 375c-15 16-4 41 17 41h120c0 33-11 49-34 68-12 9-5 28 10 28h144c15 0 22-19 10-28-20-16-34-32-34-68h120c21 0 32-25 17-41z\"\/><\/svg><\/label>\r\n    <\/span>\r\n    <span style=\"display:none\">\r\n        <input type=\"text\" name=\"kc_honeypot\">\r\n    <\/span><\/span><\/span>\n<\/p>\n<p><span class=\"wpcf7-form-control-wrap\" data-name=\"your-consent\"><span class=\"wpcf7-form-control wpcf7-acceptance\"><span class=\"wpcf7-list-item\"><label><input type=\"checkbox\" name=\"your-consent\" value=\"1\" aria-invalid=\"false\" \/><span class=\"wpcf7-list-item-label\">Sie erkl\u00e4ren sich damit einverstanden, dass Ihre Daten zur Bearbeitung Ihres Anliegens verwendet werden.<\/span><\/label><\/span><\/span><\/span>\n<\/p>\n<p><input class=\"wpcf7-form-control wpcf7-submit has-spinner\" type=\"submit\" value=\"Senden\" \/>\n<\/p><div class=\"wpcf7-response-output\" aria-hidden=\"true\"><\/div>\n<\/form>\n<\/div>\n<\/div><\/div>\n\n\n\t\t<\/div>\n\t\t\t\t\t<\/div>\n\n\t\n\n\n<style>\n#row-850359702 > .col > .col-inner {\n  padding: 30px 60px 30px 60px;\n  background-color: rgb(236, 236, 236);\n}\n<\/style>\n<\/div>\n\t<div id=\"gap-1611264182\" class=\"gap-element clearfix\" style=\"display:block; height:auto;\">\n\t\t\n<style>\n#gap-1611264182 {\n  padding-top: 60px;\n}\n<\/style>\n\t<\/div>\n\t\n\n\t<div class=\"img has-hover x md-x lg-x y md-y lg-y\" id=\"image_704890433\">\n\t\t\t\t\t\t\t\t<div class=\"img-inner dark\" >\n\t\t\t<img loading=\"lazy\" decoding=\"async\" width=\"800\" height=\"123\" src=\"https:\/\/www.loisachtaler-hundenaturkost.de\/wp-content\/uploads\/2018\/02\/header-800x123.png\" class=\"attachment-medium size-medium\" alt=\"herobox-loisachtaler-hundenaturkost\" srcset=\"https:\/\/www.loisachtaler-hundenaturkost.de\/wp-content\/uploads\/2018\/02\/header-800x123.png 800w, https:\/\/www.loisachtaler-hundenaturkost.de\/wp-content\/uploads\/2018\/02\/header-768x118.png 768w, https:\/\/www.loisachtaler-hundenaturkost.de\/wp-content\/uploads\/2018\/02\/header-1400x216.png 1400w, https:\/\/www.loisachtaler-hundenaturkost.de\/wp-content\/uploads\/2018\/02\/header-600x92.png 600w, https:\/\/www.loisachtaler-hundenaturkost.de\/wp-content\/uploads\/2018\/02\/header.png 2000w\" sizes=\"auto, (max-width: 800px) 100vw, 800px\" \/>\t\t\t\t\t\t\n\t\t\t\t\t<\/div>\n\t\t\t\t\t\t\t\t\n<style>\n#image_704890433 {\n  width: 100%;\n}\n<\/style>\n\t<\/div>\n\t\n","protected":false},"excerpt":{"rendered":"","protected":false},"author":3,"featured_media":0,"parent":0,"menu_order":0,"comment_status":"closed","ping_status":"closed","template":"page-blank.php","meta":{"footnotes":""},"class_list":["post-35479","page","type-page","status-publish","hentry"],"_links":{"self":[{"href":"https:\/\/www.loisachtaler-hundenaturkost.de\/de-ch\/wp-json\/wp\/v2\/pages\/35479","targetHints":{"allow":["GET"]}}],"collection":[{"href":"https:\/\/www.loisachtaler-hundenaturkost.de\/de-ch\/wp-json\/wp\/v2\/pages"}],"about":[{"href":"https:\/\/www.loisachtaler-hundenaturkost.de\/de-ch\/wp-json\/wp\/v2\/types\/page"}],"author":[{"embeddable":true,"href":"https:\/\/www.loisachtaler-hundenaturkost.de\/de-ch\/wp-json\/wp\/v2\/users\/3"}],"replies":[{"embeddable":true,"href":"https:\/\/www.loisachtaler-hundenaturkost.de\/de-ch\/wp-json\/wp\/v2\/comments?post=35479"}],"version-history":[{"count":4,"href":"https:\/\/www.loisachtaler-hundenaturkost.de\/de-ch\/wp-json\/wp\/v2\/pages\/35479\/revisions"}],"predecessor-version":[{"id":35572,"href":"https:\/\/www.loisachtaler-hundenaturkost.de\/de-ch\/wp-json\/wp\/v2\/pages\/35479\/revisions\/35572"}],"wp:attachment":[{"href":"https:\/\/www.loisachtaler-hundenaturkost.de\/de-ch\/wp-json\/wp\/v2\/media?parent=35479"}],"curies":[{"name":"wp","href":"https:\/\/api.w.org\/{rel}","templated":true}]}}