{"id":35475,"date":"2013-08-11T19:22:53","date_gmt":"2013-08-11T17:22:53","guid":{"rendered":"https:\/\/v2.loisachtaler-hundenaturkost.de\/kontakt\/"},"modified":"2023-10-16T16:42:30","modified_gmt":"2023-10-16T14:42:30","slug":"kontakt","status":"publish","type":"page","link":"https:\/\/www.loisachtaler-hundenaturkost.de\/de-ch\/kontakt\/","title":{"rendered":"Kontakt"},"content":{"rendered":"\n\t<div id=\"gap-1876398703\" class=\"gap-element clearfix\" style=\"display:block; height:auto;\">\n\t\t\n<style>\n#gap-1876398703 {\n  padding-top: 30px;\n}\n<\/style>\n\t<\/div>\n\t\n\n<div class=\"row row-full-width align-equal align-center\"  id=\"row-2134085795\">\n\n\n\t<div id=\"col-1239036486\" class=\"col large-12\"  >\n\t\t\t\t<div class=\"col-inner text-center\"  >\n\t\t\t\n\t\t\t\n\n\t<div id=\"gap-1695220129\" class=\"gap-element clearfix\" style=\"display:block; height:auto;\">\n\t\t\n<style>\n#gap-1695220129 {\n  padding-top: 30px;\n}\n<\/style>\n\t<\/div>\n\t\n\n<h3><span style=\"color: #008000; background-color: #ffffff;\"><strong>Loisachtaler <br>HUNDENATURKOST GmbH<\/strong><\/span><\/h3>\n<p><span style=\"background-color: #ffffff;\">Bahnhofstr. 38<\/span><br><span style=\"background-color: #ffffff;\">D \u2013 83671 Benediktbeuern<\/span><\/p>\n\n\t\t<\/div>\n\t\t\t\t\t<\/div>\n\n\t\n\n<\/div>\n<div class=\"row row-small align-equal align-center row-dashed\" style=\"max-width:1068px\" id=\"row-588793303\">\n\n\n\t<div id=\"col-714325507\" class=\"col medium-10 small-12 large-6\"  >\n\t\t\t\t<div class=\"col-inner\"  >\n\t\t\t\n\t\t\t\n\n<p class=\"lead\" style=\"text-align: center;\"><span style=\"color: #3075b9;\"><strong>Senden Sie uns gerne Ihre Fragen<\/strong><\/span><\/p>\n<div class=\"text-center\"><div class=\"is-divider divider clearfix\" style=\"max-width:240px;height:1px;background-color:rgb(113, 113, 113);\"><\/div><\/div>\n\n<p style=\"text-align: center;\">Bitte haben Sie Verst\u00e4ndnis daf\u00fcr, dass wir nur&nbsp;<br><span style=\"color: #3075b9;\"><strong>Emails mit Name, Anschrift und Telefonnummer beantworten.<\/strong><\/span><\/p>\n<p style=\"text-align: center;\"><span style=\"color: #3075b9;\"><strong>Anonyme Emails werden nicht beantwortet.<\/strong><\/span><\/p>\n<p style=\"text-align: center;\">Bei vielen Fragen und Kontaktaufnahmen bez\u00fcglich unserem Futter oder Hundefutter im Allgemeinen (auch Unvertr\u00e4glichkeiten) geht es um komplexe, pers\u00f6nliche Sachverhalte und eine Antwort mit 1-2 S\u00e4tzen reicht hier oft nicht aus. Darum bitten wir immer um die Angabe der <span style=\"color: #3075b9;\"><strong>Telefonnummer<\/strong><\/span>, um in solchen F\u00e4llen in einem pers\u00f6nlichen Gespr\u00e4ch weiterhelfen zu k\u00f6nnen.<\/p>\n<p style=\"text-align: center; font-size: 26px;\">&nbsp;<\/p>\n\n\t\t<\/div>\n\t\t\t\t\t<\/div>\n\n\t\n\n\t<div id=\"col-1525589262\" class=\"col medium-10 small-12 large-6\"  >\n\t\t\t\t<div class=\"col-inner\"  >\n\t\t\t\n\t\t\t\n\n<div class=\"cf7sg-container cf7sg-not-grid\"><div id=\"cf7sg-form-contact-form-1\" class=\" key_contact-form-1\">\n<div class=\"wpcf7 no-js\" id=\"wpcf7-f6-o1\" lang=\"de-DE\" dir=\"ltr\">\n<div class=\"screen-reader-response\"><p role=\"status\" aria-live=\"polite\" aria-atomic=\"true\"><\/p> <ul><\/ul><\/div>\n<form action=\"\/de-ch\/wp-json\/wp\/v2\/pages\/35475#wpcf7-f6-o1\" method=\"post\" class=\"wpcf7-form init\" aria-label=\"Kontaktformular\" novalidate=\"novalidate\" data-status=\"init\">\n<div style=\"display: none;\">\n<input type=\"hidden\" name=\"_wpcf7\" value=\"6\" \/>\n<input type=\"hidden\" name=\"_wpcf7_version\" value=\"5.8.4\" \/>\n<input type=\"hidden\" name=\"_wpcf7_locale\" value=\"de_DE\" \/>\n<input type=\"hidden\" name=\"_wpcf7_unit_tag\" value=\"wpcf7-f6-o1\" \/>\n<input type=\"hidden\" name=\"_wpcf7_container_post\" value=\"0\" \/>\n<input type=\"hidden\" name=\"_wpcf7_posted_data_hash\" value=\"\" \/>\n<input type=\"hidden\" name=\"_wpcf7_key\" value=\"contact-form-1\" \/>\n<input type=\"hidden\" name=\"_cf7sg_toggles\" value=\"\" \/>\n<input type=\"hidden\" name=\"_cf7sg_version\" value=\"4.15.8\" \/>\n<input type=\"hidden\" name=\"_wpnonce\" value=\"dec204a1ba\" \/>\n<\/div>\n<p><label> Ihr Name<br \/>\n<span class=\"wpcf7-form-control-wrap\" data-name=\"your-name\"><input size=\"40\" class=\"wpcf7-form-control wpcf7-text wpcf7-validates-as-required\" aria-required=\"true\" aria-invalid=\"false\" value=\"\" type=\"text\" name=\"your-name\" \/><\/span> <\/label>\n<\/p>\n<p><label> Ihre Telefonnummer (Pflichtfeld)<br \/>\n<span class=\"wpcf7-form-control-wrap\" data-name=\"tel-117\"><input size=\"40\" class=\"wpcf7-form-control wpcf7-tel wpcf7-validates-as-required wpcf7-text wpcf7-validates-as-tel\" aria-required=\"true\" aria-invalid=\"false\" value=\"\" type=\"tel\" name=\"tel-117\" \/><\/span><\/label>\n<\/p>\n<p><label> Ihre Email<br \/>\n<span class=\"wpcf7-form-control-wrap\" data-name=\"your-email\"><input size=\"40\" class=\"wpcf7-form-control wpcf7-email wpcf7-text wpcf7-validates-as-email\" aria-invalid=\"false\" value=\"\" type=\"email\" name=\"your-email\" \/><\/span> <\/label>\n<\/p>\n<p><label> Nachricht<br \/>\n<span class=\"wpcf7-form-control-wrap\" data-name=\"your-message\"><textarea cols=\"40\" rows=\"10\" class=\"wpcf7-form-control wpcf7-textarea\" aria-invalid=\"false\" name=\"your-message\"><\/textarea><\/span> <\/label>\n<\/p>\n<p><span class=\"wpcf7-form-control-wrap kc_captcha\" data-name=\"kc_captcha\"><span class=\"wpcf7-form-control wpcf7-radio\"><span class=\"captcha-image\" ><span class=\"cf7ic_instructions\">Bitte beweise, dass du kein Spambot bist und w\u00e4hle das Symbol<span> LKW<\/span>.<\/span><label><input type=\"radio\" name=\"kc_captcha\" value=\"bot\" \/><svg width=\"50\" height=\"50\" aria-hidden=\"true\" role=\"img\" xmlns=\"http:\/\/www.w3.org\/2000\/svg\" viewBox=\"0 0 576 512\"><path fill=\"currentColor\" d=\"M488 313v143c0 13-11 24-24 24H348c-7 0-12-5-12-12V356c0-7-5-12-12-12h-72c-7 0-12 5-12 12v112c0 7-5 12-12 12H112c-13 0-24-11-24-24V313c0-4 2-7 4-10l188-154c5-4 11-4 16 0l188 154c2 3 4 6 4 10zm84-61l-84-69V44c0-6-5-12-12-12h-56c-7 0-12 6-12 12v73l-89-74a48 48 0 00-61 0L4 252c-5 4-5 12-1 17l25 31c5 5 12 5 17 1l235-193c5-4 11-4 16 0l235 193c5 5 13 4 17-1l25-31c4-6 4-13-1-17z\"\/><\/svg><\/label><label><input type=\"radio\" name=\"kc_captcha\" value=\"bot\" \/><svg width=\"50\" height=\"50\" aria-hidden=\"true\" role=\"img\" xmlns=\"http:\/\/www.w3.org\/2000\/svg\" viewBox=\"0 0 576 512\"><path fill=\"currentColor\" d=\"M259 18l-65 132-146 22c-26 3-37 36-18 54l106 103-25 146c-5 26 23 46 46 33l131-68 131 68c23 13 51-7 46-33l-25-146 106-103c19-18 8-51-18-54l-146-22-65-132a32 32 0 00-58 0z\"\/><\/svg><\/label><label><input type=\"radio\" name=\"kc_captcha\" value=\"kc_human\" \/><svg width=\"50\" height=\"50\" aria-hidden=\"true\" role=\"img\" xmlns=\"http:\/\/www.w3.org\/2000\/svg\" viewBox=\"0 0 640 512\"><path fill=\"currentColor\" d=\"M624 352h-16V244c0-13-5-25-14-34L494 110c-9-9-21-14-34-14h-44V48c0-26-21-48-48-48H48C22 0 0 22 0 48v320c0 27 22 48 48 48h16a96 96 0 00192 0h128a96 96 0 00192 0h48c9 0 16-7 16-16v-32c0-9-7-16-16-16zM160 464a48 48 0 110-96 48 48 0 010 96zm320 0a48 48 0 110-96 48 48 0 010 96zm80-208H416V144h44l100 100v12z\"\/><\/svg><\/label>\r\n    <\/span>\r\n    <span style=\"display:none\">\r\n        <input type=\"text\" name=\"kc_honeypot\">\r\n    <\/span><\/span><\/span>\n<\/p>\n<p><span class=\"wpcf7-form-control-wrap\" data-name=\"your-consent\"><span class=\"wpcf7-form-control wpcf7-acceptance\"><span class=\"wpcf7-list-item\"><label><input type=\"checkbox\" name=\"your-consent\" value=\"1\" aria-invalid=\"false\" \/><span class=\"wpcf7-list-item-label\">Sie erkl\u00e4ren sich damit einverstanden, dass Ihre Daten zur Bearbeitung Ihres Anliegens verwendet werden.<\/span><\/label><\/span><\/span><\/span>\n<\/p>\n<p><input class=\"wpcf7-form-control wpcf7-submit has-spinner\" type=\"submit\" value=\"Senden\" \/>\n<\/p><div class=\"wpcf7-response-output\" aria-hidden=\"true\"><\/div>\n<\/form>\n<\/div>\n<\/div><\/div>\n\n\n\t\t<\/div>\n\t\t\t\t\t<\/div>\n\n\t\n\n\n<style>\n#row-588793303 > .col > .col-inner {\n  padding: 30px 60px 30px 60px;\n  background-color: rgb(236, 236, 236);\n}\n<\/style>\n<\/div>\n\t<div id=\"gap-1779086117\" class=\"gap-element clearfix\" style=\"display:block; height:auto;\">\n\t\t\n<style>\n#gap-1779086117 {\n  padding-top: 30px;\n}\n<\/style>\n\t<\/div>\n\t\n\n\t<div class=\"img has-hover x md-x lg-x y md-y lg-y\" id=\"image_81581353\">\n\t\t\t\t\t\t\t\t<div class=\"img-inner dark\" >\n\t\t\t<img loading=\"lazy\" decoding=\"async\" width=\"1020\" height=\"157\" src=\"https:\/\/www.loisachtaler-hundenaturkost.de\/wp-content\/uploads\/2018\/02\/header-1400x216.png\" class=\"attachment-large size-large\" alt=\"herobox-loisachtaler-hundenaturkost\" srcset=\"https:\/\/www.loisachtaler-hundenaturkost.de\/wp-content\/uploads\/2018\/02\/header-1400x216.png 1400w, https:\/\/www.loisachtaler-hundenaturkost.de\/wp-content\/uploads\/2018\/02\/header-800x123.png 800w, https:\/\/www.loisachtaler-hundenaturkost.de\/wp-content\/uploads\/2018\/02\/header-768x118.png 768w, https:\/\/www.loisachtaler-hundenaturkost.de\/wp-content\/uploads\/2018\/02\/header-600x92.png 600w, https:\/\/www.loisachtaler-hundenaturkost.de\/wp-content\/uploads\/2018\/02\/header.png 2000w\" sizes=\"auto, (max-width: 1020px) 100vw, 1020px\" \/>\t\t\t\t\t\t\n\t\t\t\t\t<\/div>\n\t\t\t\t\t\t\t\t\n<style>\n#image_81581353 {\n  width: 100%;\n}\n<\/style>\n\t<\/div>\n\t\n","protected":false},"excerpt":{"rendered":"","protected":false},"author":1,"featured_media":35342,"parent":0,"menu_order":0,"comment_status":"closed","ping_status":"closed","template":"page-blank.php","meta":{"footnotes":""},"class_list":["post-35475","page","type-page","status-publish","has-post-thumbnail","hentry"],"_links":{"self":[{"href":"https:\/\/www.loisachtaler-hundenaturkost.de\/de-ch\/wp-json\/wp\/v2\/pages\/35475","targetHints":{"allow":["GET"]}}],"collection":[{"href":"https:\/\/www.loisachtaler-hundenaturkost.de\/de-ch\/wp-json\/wp\/v2\/pages"}],"about":[{"href":"https:\/\/www.loisachtaler-hundenaturkost.de\/de-ch\/wp-json\/wp\/v2\/types\/page"}],"author":[{"embeddable":true,"href":"https:\/\/www.loisachtaler-hundenaturkost.de\/de-ch\/wp-json\/wp\/v2\/users\/1"}],"replies":[{"embeddable":true,"href":"https:\/\/www.loisachtaler-hundenaturkost.de\/de-ch\/wp-json\/wp\/v2\/comments?post=35475"}],"version-history":[{"count":4,"href":"https:\/\/www.loisachtaler-hundenaturkost.de\/de-ch\/wp-json\/wp\/v2\/pages\/35475\/revisions"}],"predecessor-version":[{"id":35578,"href":"https:\/\/www.loisachtaler-hundenaturkost.de\/de-ch\/wp-json\/wp\/v2\/pages\/35475\/revisions\/35578"}],"wp:featuredmedia":[{"embeddable":true,"href":"https:\/\/www.loisachtaler-hundenaturkost.de\/de-ch\/wp-json\/wp\/v2\/media\/35342"}],"wp:attachment":[{"href":"https:\/\/www.loisachtaler-hundenaturkost.de\/de-ch\/wp-json\/wp\/v2\/media?parent=35475"}],"curies":[{"name":"wp","href":"https:\/\/api.w.org\/{rel}","templated":true}]}}