{"id":35471,"date":"2013-08-11T19:06:15","date_gmt":"2013-08-11T17:06:15","guid":{"rendered":"https:\/\/v2.loisachtaler-hundenaturkost.de\/ueber-uns\/"},"modified":"2023-10-16T16:42:30","modified_gmt":"2023-10-16T14:42:30","slug":"philosophie","status":"publish","type":"page","link":"https:\/\/www.loisachtaler-hundenaturkost.de\/de-ch\/philosophie\/","title":{"rendered":"\u00dcber uns"},"content":{"rendered":"\n\t<section class=\"section\" id=\"section_843729865\">\n\t\t<div class=\"bg section-bg fill bg-fill  bg-loaded\" >\n\n\t\t\t\n\t\t\t\n\t\t\t\n\n\t\t<\/div>\n\n\t\t\n\n\t\t<div class=\"section-content relative\">\n\t\t\t\n\n<div class=\"row\"  id=\"row-467313960\">\n\n\n\t<div id=\"col-865122997\" class=\"col small-12 large-12\"  >\n\t\t\t\t<div class=\"col-inner\"  >\n\t\t\t\n\t\t\t\n\n<p style=\"text-align: center; font-size: 30px; margin-bottom: 0; margin-top: 50px;\">Unsere <span style=\"color: #128d3b;\"><strong>Philosophie<\/strong><\/span><\/p>\n<div class=\"container section-title-container\" ><h3 class=\"section-title section-title-center\"><b><\/b><span class=\"section-title-main\" >Die Geburtsstunde der Loisachtaler Hundenaturkost<\/span><b><\/b><\/h3><\/div>\n\n\n\t\t<\/div>\n\t\t\t\t\t<\/div>\n\n\t\n\n<\/div>\n<div class=\"row\"  id=\"row-58098151\">\n\n\n\t<div id=\"col-1913939887\" class=\"col medium-12 small-12 large-12\"  >\n\t\t\t\t<div class=\"col-inner text-center\"  >\n\t\t\t\n\t\t\t\n\n<p style=\"text-align: center;\">Als mein Kaukasischer Owtscharka R\u00fcde Micha an Krebs starb, kann ich mich noch gut erinnern, wie ich weinend vor dem Tierarzt stand.&nbsp;Er sagte zu mir, mit der Abkehr von Hausmannskost und der immensen Zunahme von Industriefutter h\u00e4tten sich Krankheiten wie Krebs, Arthrose und Allergien erheblich vermehrt. Es gebe leider immer mehr F\u00e4lle wie meinen, in dem der Hund schon in recht jungen Jahren an Krebs erkrankt und daran stirbt.<\/p>\n<p style=\"text-align: center;\">Seit diesem Moment befasse ich mich eingehend mit dem Thema Tierfutter, dessen Herstellung sowie der Futtermittelverordnung. Schnell wurde mir klar, was ich t\u00e4glich meinem vierbeinigen Liebling vorgesetzt hatte.<\/p>\n<p style=\"text-align: center;\">Nat\u00fcrlich habe ich der vollmundigen Werbung geglaubt, mit den wundersch\u00f6nen Etiketten auf denen frische Fleischst\u00fccke zu sehen waren. Die Realit\u00e4t sieht leider anders aus. Mit Geschmacksverst\u00e4rkern, Aromen und chemischen Substanzen sind Heerscharen von Aroma-K\u00fcnstlern in den Labors der Tierfutter-Industrie damit besch\u00e4ftigt, minderwertigen Fleischm\u00fcll zu maskieren und haltbar zu machen.<\/p>\n<p style=\"text-align: center;\">Nachdem ich ein brillant recherchiertes Buch \u00fcber die Tierfutterindustrie (&#8220;Katzen w\u00fcrden M\u00e4use Kaufen&#8221; von Autor Hans-Ulrich Grimm, erschienen im Heyne Verlag) gelesen habe, war mir klar: Ich produziere mein Fertigfutter in Zukunft selbst!<\/p>\n\n\t\t<\/div>\n\t\t\t\t\t<\/div>\n\n\t\n\n<\/div>\n\n\t\t<\/div>\n\n\t\t\n<style>\n#section_843729865 {\n  padding-top: 30px;\n  padding-bottom: 30px;\n}\n<\/style>\n\t<\/section>\n\t\n\t<section class=\"section dark\" id=\"section_1134359073\">\n\t\t<div class=\"bg section-bg fill bg-fill  bg-loaded\" >\n\n\t\t\t\n\t\t\t\n\t\t\t\n\n\t\t<\/div>\n\n\t\t\n\n\t\t<div class=\"section-content relative\">\n\t\t\t\n\n<div class=\"row\"  id=\"row-32670592\">\n\n\n\t<div id=\"col-302994142\" class=\"col small-12 large-12\"  >\n\t\t\t\t<div class=\"col-inner\"  >\n\t\t\t\n\t\t\t\n\n<p style=\"text-align: center; font-size: 30px; margin-bottom: 0; margin-top: 50px; color: #777;\">Unsere <span style=\"color: #128d3b;\"><strong>Pr\u00e4misse<\/strong><\/span><\/p>\n<div class=\"container section-title-container\" ><h3 class=\"section-title section-title-center\"><b><\/b><span class=\"section-title-main\" style=\"color:rgb(119, 119, 119);\">Ehrliches Hundefutter<\/span><b><\/b><\/h3><\/div>\n\n<div class=\"row\"  id=\"row-992574753\">\n\n\n\t<div id=\"col-1143868196\" class=\"col medium-6 small-12 large-6\"  >\n\t\t\t\t<div class=\"col-inner\"  >\n\t\t\t\n\t\t\t\n\n\t<div class=\"img has-hover x md-x lg-x y md-y lg-y\" id=\"image_96907462\">\n\t\t\t\t\t\t\t\t<div class=\"img-inner dark\" >\n\t\t\t<img loading=\"lazy\" decoding=\"async\" width=\"449\" height=\"316\" src=\"https:\/\/www.loisachtaler-hundenaturkost.de\/wp-content\/uploads\/2018\/02\/dosen.png\" class=\"attachment-medium size-medium\" alt=\"dosen\" \/>\t\t\t\t\t\t\n\t\t\t\t\t<\/div>\n\t\t\t\t\t\t\t\t\n<style>\n#image_96907462 {\n  width: 100%;\n}\n<\/style>\n\t<\/div>\n\t\n\n\n\t\t<\/div>\n\t\t\t\t\t<\/div>\n\n\t\n\n\t<div id=\"col-2001855900\" class=\"col medium-6 small-12 large-6\"  >\n\t\t\t\t<div class=\"col-inner\"  >\n\t\t\t\n\t\t\t\n\n<p style=\"text-align: left;\"><span style=\"color: #777777;\">Meine Pr\u00e4misse war es und ist es, Hundefutter zu produzieren, das aus schlachtfrischem, entfettetem Fleisch und Innereien von Schlachtungen besteht, die auch f\u00fcr die menschliche Ern\u00e4hrung zugelassen wurden. Lebensmittelqualit\u00e4t also. Zudem war es mein Ziel, vollst\u00e4ndig auf die Beigabe von chemischen Zus\u00e4tzen bzw. Lockstoffen, Dickungs- oder Bindemitteln jeglicher Art zu verzichten. Letztlich sollte es ein ehrliches Hundefutter werden und keines, das nach Wasserzugabe und Kochen als Br\u00fche oder Fleischso\u00dfe bezeichnet wird (teilweise bis zu 33%), sondern mit Fleisch, das im eigenem Saft und rein mit nat\u00fcrlichen Zutaten gekocht wird.fsdf<\/span><\/p>\n<p style=\"text-align: left;\"><span style=\"color: #777777;\">Bei dieser hochwertigen Hundenaturkost ist es nicht notwendig, synthetische Vitamine zuzugeben, die meist aus gentechnisch manipulierten Pflanzen oder Mikroorganismen hergestellt werden und eigentlich nur dazu da sind, um minderwertige Qualit\u00e4t haltbar zu machen und dem Kunden in den Glauben zu versetzen, durch die Zugabe vieler Vitamine sei das Futter besonders gesund. Das Gegenteil ist leider der Fall. Eine transparente Deklarierung der Zutaten auf dem Etikett ist mir besonders wichtig. Nichts soll verschwiegen werden, und unterm Strich sollte man dabei immer auf 100% kommen. Meine oberste Pr\u00e4misse ist: Es darf nicht anderes in der Dose sein als auf dem Etikett draufsteht.<\/span><\/p>\n\n\t\t<\/div>\n\t\t\t\t\t<\/div>\n\n\t\n\n<\/div>\n\n\t\t<\/div>\n\t\t\t\t\t<\/div>\n\n\t\n\n<\/div>\n\n\t\t<\/div>\n\n\t\t\n<style>\n#section_1134359073 {\n  padding-top: 30px;\n  padding-bottom: 30px;\n  background-color: rgb(247, 246, 242);\n}\n<\/style>\n\t<\/section>\n\t\n\t<section class=\"section\" id=\"section_1430245559\">\n\t\t<div class=\"bg section-bg fill bg-fill  bg-loaded\" >\n\n\t\t\t\n\t\t\t\n\t\t\t\n\n\t\t<\/div>\n\n\t\t\n\n\t\t<div class=\"section-content relative\">\n\t\t\t\n\n<div class=\"row align-center\"  id=\"row-378684470\">\n\n\n\t<div id=\"col-97951007\" class=\"col small-12 large-12\"  >\n\t\t\t\t<div class=\"col-inner\"  >\n\t\t\t\n\t\t\t\n\n<p style=\"text-align: center; font-size: 30px; margin-bottom: 0; margin-top: 50px;\">Unser <span style=\"color: #128d3b;\"><strong>Produkt<\/strong><\/span>, unser <span style=\"color: #128d3b;\"><strong>Unternehmen<\/strong><\/span><\/p>\n<div class=\"container section-title-container\" ><h3 class=\"section-title section-title-center\"><b><\/b><span class=\"section-title-main\" >Ein Naturkostprodukt der Spitzenklasse<\/span><b><\/b><\/h3><\/div>\n\n\n\t\t<\/div>\n\t\t\t\t\t<\/div>\n\n\t\n\n<\/div>\n<div class=\"row\"  id=\"row-1160300956\">\n\n\n\t<div id=\"col-356016056\" class=\"col medium-4 small-12 large-4\"  >\n\t\t\t\t<div class=\"col-inner\"  >\n\t\t\t\n\t\t\t\n\n\t<div class=\"img has-hover x md-x lg-x y md-y lg-y\" id=\"image_1048720082\">\n\t\t\t\t\t\t\t\t<div class=\"img-inner dark\" >\n\t\t\t<img loading=\"lazy\" decoding=\"async\" width=\"1020\" height=\"680\" src=\"https:\/\/www.loisachtaler-hundenaturkost.de\/wp-content\/uploads\/2020\/09\/website-1200x800.jpg\" class=\"attachment-large size-large\" alt=\"\" srcset=\"https:\/\/www.loisachtaler-hundenaturkost.de\/wp-content\/uploads\/2020\/09\/website-1200x800.jpg 1200w, https:\/\/www.loisachtaler-hundenaturkost.de\/wp-content\/uploads\/2020\/09\/website-600x400.jpg 600w, https:\/\/www.loisachtaler-hundenaturkost.de\/wp-content\/uploads\/2020\/09\/website-768x512.jpg 768w, https:\/\/www.loisachtaler-hundenaturkost.de\/wp-content\/uploads\/2020\/09\/website-1536x1024.jpg 1536w, https:\/\/www.loisachtaler-hundenaturkost.de\/wp-content\/uploads\/2020\/09\/website.jpg 1632w\" sizes=\"auto, (max-width: 1020px) 100vw, 1020px\" \/>\t\t\t\t\t\t\n\t\t\t\t\t<\/div>\n\t\t\t\t\t\t\t\t\n<style>\n#image_1048720082 {\n  width: 100%;\n}\n<\/style>\n\t<\/div>\n\t\n\n\n\t\t<\/div>\n\t\t\t\t\t<\/div>\n\n\t\n\n\t<div id=\"col-1755099061\" class=\"col medium-8 small-12 large-8\"  >\n\t\t\t\t<div class=\"col-inner\"  >\n\t\t\t\n\t\t\t\n\n<p style=\"text-align: left;\">Mit dieser Pra\u0308misse wurde Loisachtaler Hundenaturkost im Jahre 2012 gegru\u0308ndet. Das Angebot an hochwertiger Tiernahrung war zu diesem Zeitpunkt noch u\u0308berschaubar und so fanden die Produkte mit steigender Bekanntheit, nur durch Mund zu Mund Empfehlungen, immer mehr vierbeinige Abnehmer. Das bis 2016 von Max Ketterl gefu\u0308hrte Ein-Mann-Unternehmen wurde durch den Einstieg seines Sohnes Maximilian jun.(gelernter Ba\u0308ckermeister) und Stefan Ketterl (Bu\u0308rokaufmann)im Jahr 2018 zum Familienunternehmenm, mit dem Ziel dauerhaft und generationenu\u0308bergreifend dem Hundebesitzer ein gutes Produkt zu liefern und sich so auf dem Markt fest zu etablieren.<\/p>\n<p>Neben dem Ziel auch bei Wachstum alle Ha\u0308ndler weiterhin selbst zu beliefern (bis heute) wuchs im nun dreiko\u0308pfigen Team immer mehr der Wunsch, eine neue Produktion auf neusten technischen\/hygienischen Standards entstehen zu lassen.<\/p>\n<p>Mit der Anmietung einer 750qm gro\u00dfen Halle im wunderscho\u0308nen Kochel am See, mitten im Loisachtal und in unmittelbarer Na\u0308he zu Herzogstand, Zugspitze und den Alpen wurde Ende 2018 der Entschluss gefasst diesen Wunsch umzusetzen.<\/p>\n\n\t\t<\/div>\n\t\t\t\t\t<\/div>\n\n\t\n\n<\/div>\n\n\t\t<\/div>\n\n\t\t\n<style>\n#section_1430245559 {\n  padding-top: 60px;\n  padding-bottom: 60px;\n  min-height: 300px;\n  background-color: rgb(255, 255, 255);\n}\n<\/style>\n\t<\/section>\n\t\n\t<section class=\"section dark\" id=\"section_699318702\">\n\t\t<div class=\"bg section-bg fill bg-fill  bg-loaded\" >\n\n\t\t\t\n\t\t\t\n\t\t\t\n\n\t\t<\/div>\n\n\t\t\n\n\t\t<div class=\"section-content relative\">\n\t\t\t\n\n<div class=\"row\"  id=\"row-268393500\">\n\n\n\t<div id=\"col-1534923576\" class=\"col small-12 large-12\"  >\n\t\t\t\t<div class=\"col-inner\"  >\n\t\t\t\n\t\t\t\n\n<p style=\"font-size: 30px; margin-bottom: 0px; margin-top: 50px; color: #777777; text-align: center;\">Unsere <span style=\"color: #128d3b;\"><strong>Produktion<\/strong><\/span>, unser <span style=\"color: #128d3b;\"><strong>Team<\/strong><\/span><\/p>\n<div class=\"container section-title-container\" ><h3 class=\"section-title section-title-center\"><b><\/b><span class=\"section-title-main\" style=\"color:rgb(119, 119, 119);\">Aufbau der eigenen Produktion<\/span><b><\/b><\/h3><\/div>\n\n<p style=\"text-align: left;\"><span style=\"color: #777777;\">Nach gut einem Jahr Planungsphase und Genehmigungsverfahren sowie einem weiteren halben Jahr Umsetzung ist im Mai 2020 die erste Dose in der neuen Produktion in Kochel am See vom Band gerollt. Mit der nahezu vollautomatischen und energieeffizienten Produktion sind wir auch weiterhin in der Lage unseren Kunden eine Topprodukt zu einem guten Preis-Leistungs- Verha\u0308ltnis anbieten zu ko\u0308nnen, sowie auf Marktvera\u0308nderungen sowohl im Endverbrauchermarkt als auch auf dem Rohstoffmarkt reagieren zu ko\u0308nnen. <\/span><\/p>\n<p style=\"text-align: left;\"><span style=\"color: #777777;\">Mit dieser Erweiterung sind auch zwei weitere Mitarbeiter ins Unternehmen gekommen. <\/span><\/p>\n<p style=\"text-align: left;\">&nbsp;<\/p>\n<div class=\"row\"  id=\"row-1937482287\">\n\n\n\t<div id=\"col-435070608\" class=\"col medium-6 small-12 large-6\"  >\n\t\t\t\t<div class=\"col-inner\"  >\n\t\t\t\n\t\t\t\n\n\t<div class=\"img has-hover x md-x lg-x y md-y lg-y\" id=\"image_221169619\">\n\t\t\t\t\t\t\t\t<div class=\"img-inner dark\" >\n\t\t\t<img loading=\"lazy\" decoding=\"async\" width=\"1020\" height=\"680\" src=\"https:\/\/www.loisachtaler-hundenaturkost.de\/wp-content\/uploads\/2020\/09\/20200729133548_IMG_6419-1-1200x800.jpg\" class=\"attachment-large size-large\" alt=\"\" srcset=\"https:\/\/www.loisachtaler-hundenaturkost.de\/wp-content\/uploads\/2020\/09\/20200729133548_IMG_6419-1-1200x800.jpg 1200w, https:\/\/www.loisachtaler-hundenaturkost.de\/wp-content\/uploads\/2020\/09\/20200729133548_IMG_6419-1-600x400.jpg 600w, https:\/\/www.loisachtaler-hundenaturkost.de\/wp-content\/uploads\/2020\/09\/20200729133548_IMG_6419-1-768x512.jpg 768w, https:\/\/www.loisachtaler-hundenaturkost.de\/wp-content\/uploads\/2020\/09\/20200729133548_IMG_6419-1.jpg 1500w\" sizes=\"auto, (max-width: 1020px) 100vw, 1020px\" \/>\t\t\t\t\t\t\n\t\t\t\t\t<\/div>\n\t\t\t\t\t\t\t\t\n<style>\n#image_221169619 {\n  width: 100%;\n}\n<\/style>\n\t<\/div>\n\t\n\n\n\t\t<\/div>\n\t\t\t\t\t<\/div>\n\n\t\n\n\t<div id=\"col-2063026273\" class=\"col medium-6 small-12 large-6\"  >\n\t\t\t\t<div class=\"col-inner\"  >\n\t\t\t\n\t\t\t\n\n\t<div class=\"img has-hover x md-x lg-x y md-y lg-y\" id=\"image_395725190\">\n\t\t\t\t\t\t\t\t<div class=\"img-inner dark\" >\n\t\t\t<img loading=\"lazy\" decoding=\"async\" width=\"1020\" height=\"680\" src=\"https:\/\/www.loisachtaler-hundenaturkost.de\/wp-content\/uploads\/2020\/09\/Teamvorstellung1-1-1200x800.jpg\" class=\"attachment-large size-large\" alt=\"\" srcset=\"https:\/\/www.loisachtaler-hundenaturkost.de\/wp-content\/uploads\/2020\/09\/Teamvorstellung1-1-1200x800.jpg 1200w, https:\/\/www.loisachtaler-hundenaturkost.de\/wp-content\/uploads\/2020\/09\/Teamvorstellung1-1-600x400.jpg 600w, https:\/\/www.loisachtaler-hundenaturkost.de\/wp-content\/uploads\/2020\/09\/Teamvorstellung1-1-768x512.jpg 768w, https:\/\/www.loisachtaler-hundenaturkost.de\/wp-content\/uploads\/2020\/09\/Teamvorstellung1-1.jpg 1500w\" sizes=\"auto, (max-width: 1020px) 100vw, 1020px\" \/>\t\t\t\t\t\t\n\t\t\t\t\t<\/div>\n\t\t\t\t\t\t\t\t\n<style>\n#image_395725190 {\n  width: 100%;\n}\n<\/style>\n\t<\/div>\n\t\n\n\n\t\t<\/div>\n\t\t\t\t\t<\/div>\n\n\t\n\n<\/div>\n<p style=\"text-align: left;\"><span style=\"color: #777777;\">Produktion: Josef Englert rechts, mit Maximilian Ketterl jun. links in der Produktion in Kochel am See<\/span><\/p>\n<div class=\"row\"  id=\"row-1399362083\">\n\n\n\t<div id=\"col-945257042\" class=\"col medium-6 small-12 large-6\"  >\n\t\t\t\t<div class=\"col-inner\"  >\n\t\t\t\n\t\t\t\n\n\t<div class=\"img has-hover x md-x lg-x y md-y lg-y\" id=\"image_877984364\">\n\t\t\t\t\t\t\t\t<div class=\"img-inner dark\" >\n\t\t\t<img loading=\"lazy\" decoding=\"async\" width=\"1020\" height=\"680\" src=\"https:\/\/www.loisachtaler-hundenaturkost.de\/wp-content\/uploads\/2020\/09\/Teamvorstellung2-1200x800.jpg\" class=\"attachment-large size-large\" alt=\"\" srcset=\"https:\/\/www.loisachtaler-hundenaturkost.de\/wp-content\/uploads\/2020\/09\/Teamvorstellung2-1200x800.jpg 1200w, https:\/\/www.loisachtaler-hundenaturkost.de\/wp-content\/uploads\/2020\/09\/Teamvorstellung2-600x400.jpg 600w, https:\/\/www.loisachtaler-hundenaturkost.de\/wp-content\/uploads\/2020\/09\/Teamvorstellung2-768x512.jpg 768w, https:\/\/www.loisachtaler-hundenaturkost.de\/wp-content\/uploads\/2020\/09\/Teamvorstellung2.jpg 1500w\" sizes=\"auto, (max-width: 1020px) 100vw, 1020px\" \/>\t\t\t\t\t\t\n\t\t\t\t\t<\/div>\n\t\t\t\t\t\t\t\t\n<style>\n#image_877984364 {\n  width: 100%;\n}\n<\/style>\n\t<\/div>\n\t\n\n<p style=\"text-align: left;\"><span style=\"color: #777777;\">Vertrieb: <br \/>Goka Niederstra\u00dfer (Vertriebsmitarbeiter) links<br \/><\/span><span style=\"color: #808080;\">Max Ketterl senj. (Gesch\u00e4ftsf\u00fchrer) mitte<br \/><\/span><span style=\"color: #808080;\">Stefan Ketterl (Prokurist, Kundenbetreuung) rechts<\/span><\/p>\n\n\t\t<\/div>\n\t\t\t\t\t<\/div>\n\n\t\n\n\t<div id=\"col-1911193871\" class=\"col medium-6 small-12 large-6\"  >\n\t\t\t\t<div class=\"col-inner\"  >\n\t\t\t\n\t\t\t\n\n\t<div class=\"img has-hover x md-x lg-x y md-y lg-y\" id=\"image_1259571975\">\n\t\t\t\t\t\t\t\t<div class=\"img-inner dark\" >\n\t\t\t<img loading=\"lazy\" decoding=\"async\" width=\"1020\" height=\"680\" src=\"https:\/\/www.loisachtaler-hundenaturkost.de\/wp-content\/uploads\/2020\/09\/Unbenannt-1200x800.jpg\" class=\"attachment-large size-large\" alt=\"\" srcset=\"https:\/\/www.loisachtaler-hundenaturkost.de\/wp-content\/uploads\/2020\/09\/Unbenannt-1200x800.jpg 1200w, https:\/\/www.loisachtaler-hundenaturkost.de\/wp-content\/uploads\/2020\/09\/Unbenannt-600x400.jpg 600w, https:\/\/www.loisachtaler-hundenaturkost.de\/wp-content\/uploads\/2020\/09\/Unbenannt-768x512.jpg 768w, https:\/\/www.loisachtaler-hundenaturkost.de\/wp-content\/uploads\/2020\/09\/Unbenannt.jpg 1500w\" sizes=\"auto, (max-width: 1020px) 100vw, 1020px\" \/>\t\t\t\t\t\t\n\t\t\t\t\t<\/div>\n\t\t\t\t\t\t\t\t\n<style>\n#image_1259571975 {\n  width: 100%;\n}\n<\/style>\n\t<\/div>\n\t\n\n<p style=\"text-align: left;\"><span style=\"color: #777777;\">Produkttester: <br \/>Kathie, Sissi und Milly Ketterl<\/span><\/p>\n\n\t\t<\/div>\n\t\t\t\t\t<\/div>\n\n\t\n\n<\/div>\n\n\t\t<\/div>\n\t\t\t\t\t<\/div>\n\n\t\n\n<\/div>\n\n\t\t<\/div>\n\n\t\t\n<style>\n#section_699318702 {\n  padding-top: 30px;\n  padding-bottom: 30px;\n  background-color: rgb(247, 246, 242);\n}\n<\/style>\n\t<\/section>\n\t\n\n","protected":false},"excerpt":{"rendered":"","protected":false},"author":1,"featured_media":35342,"parent":0,"menu_order":0,"comment_status":"closed","ping_status":"closed","template":"page-blank.php","meta":{"footnotes":""},"class_list":["post-35471","page","type-page","status-publish","has-post-thumbnail","hentry"],"_links":{"self":[{"href":"https:\/\/www.loisachtaler-hundenaturkost.de\/de-ch\/wp-json\/wp\/v2\/pages\/35471","targetHints":{"allow":["GET"]}}],"collection":[{"href":"https:\/\/www.loisachtaler-hundenaturkost.de\/de-ch\/wp-json\/wp\/v2\/pages"}],"about":[{"href":"https:\/\/www.loisachtaler-hundenaturkost.de\/de-ch\/wp-json\/wp\/v2\/types\/page"}],"author":[{"embeddable":true,"href":"https:\/\/www.loisachtaler-hundenaturkost.de\/de-ch\/wp-json\/wp\/v2\/users\/1"}],"replies":[{"embeddable":true,"href":"https:\/\/www.loisachtaler-hundenaturkost.de\/de-ch\/wp-json\/wp\/v2\/comments?post=35471"}],"version-history":[{"count":4,"href":"https:\/\/www.loisachtaler-hundenaturkost.de\/de-ch\/wp-json\/wp\/v2\/pages\/35471\/revisions"}],"predecessor-version":[{"id":35579,"href":"https:\/\/www.loisachtaler-hundenaturkost.de\/de-ch\/wp-json\/wp\/v2\/pages\/35471\/revisions\/35579"}],"wp:featuredmedia":[{"embeddable":true,"href":"https:\/\/www.loisachtaler-hundenaturkost.de\/de-ch\/wp-json\/wp\/v2\/media\/35342"}],"wp:attachment":[{"href":"https:\/\/www.loisachtaler-hundenaturkost.de\/de-ch\/wp-json\/wp\/v2\/media?parent=35471"}],"curies":[{"name":"wp","href":"https:\/\/api.w.org\/{rel}","templated":true}]}}