{"id":35467,"date":"2018-02-01T11:36:41","date_gmt":"2018-02-01T10:36:41","guid":{"rendered":"https:\/\/v2.loisachtaler-hundenaturkost.de\/home\/"},"modified":"2023-12-13T11:35:13","modified_gmt":"2023-12-13T10:35:13","slug":"beispiel-seite","status":"publish","type":"page","link":"https:\/\/www.loisachtaler-hundenaturkost.de\/de-ch\/","title":{"rendered":"Home"},"content":{"rendered":"\n\t<section class=\"section\" id=\"section_820218290\">\n\t\t<div class=\"bg section-bg fill bg-fill  bg-loaded\" >\n\n\t\t\t\n\t\t\t\n\t\t\t\n\n\t\t<\/div>\n\n\t\t\n\n\t\t<div class=\"section-content relative\">\n\t\t\t\n\n<div class=\"row\"  id=\"row-106797166\">\n\n\n\t<div id=\"col-343935148\" class=\"col small-12 large-12\"  >\n\t\t\t\t<div class=\"col-inner\"  >\n\t\t\t\n\t\t\t\n\n<div class=\"row\"  id=\"row-69937226\">\n\n\n\t<div id=\"col-1763072826\" class=\"col small-12 large-12\"  >\n\t\t\t\t<div class=\"col-inner\"  >\n\t\t\t\n\t\t\t\n\n\t<div id=\"gap-1112115043\" class=\"gap-element clearfix\" style=\"display:block; height:auto;\">\n\t\t\n<style>\n#gap-1112115043 {\n  padding-top: 20px;\n}\n<\/style>\n\t<\/div>\n\t\n\n\t<div id=\"gap-1950592613\" class=\"gap-element clearfix\" style=\"display:block; height:auto;\">\n\t\t\n<style>\n#gap-1950592613 {\n  padding-top: 30px;\n}\n<\/style>\n\t<\/div>\n\t\n\n<div class=\"slider-wrapper relative\" id=\"slider-1677592562\" >\n    <div class=\"slider slider-nav-circle slider-nav-large slider-nav-light slider-style-normal\"\n        data-flickity-options='{\n            \"cellAlign\": \"center\",\n            \"imagesLoaded\": true,\n            \"lazyLoad\": 1,\n            \"freeScroll\": false,\n            \"wrapAround\": true,\n            \"autoPlay\": 6000,\n            \"pauseAutoPlayOnHover\" : true,\n            \"prevNextButtons\": true,\n            \"contain\" : true,\n            \"adaptiveHeight\" : true,\n            \"dragThreshold\" : 10,\n            \"percentPosition\": true,\n            \"pageDots\": true,\n            \"rightToLeft\": false,\n            \"draggable\": true,\n            \"selectedAttraction\": 0.1,\n            \"parallax\" : 0,\n            \"friction\": 0.6        }'\n        >\n        \n\n\t<div class=\"img has-hover x md-x lg-x y md-y lg-y\" id=\"image_105817231\">\n\t\t\t\t\t\t\t\t<div class=\"img-inner dark\" >\n\t\t\t<img loading=\"lazy\" decoding=\"async\" width=\"1020\" height=\"425\" src=\"https:\/\/www.loisachtaler-hundenaturkost.de\/wp-content\/uploads\/2018\/08\/loisachtaler-hundenaturkost_1-1400x583.jpg\" class=\"attachment-large size-large\" alt=\"\" srcset=\"https:\/\/www.loisachtaler-hundenaturkost.de\/wp-content\/uploads\/2018\/08\/loisachtaler-hundenaturkost_1-1400x583.jpg 1400w, https:\/\/www.loisachtaler-hundenaturkost.de\/wp-content\/uploads\/2018\/08\/loisachtaler-hundenaturkost_1-800x333.jpg 800w, https:\/\/www.loisachtaler-hundenaturkost.de\/wp-content\/uploads\/2018\/08\/loisachtaler-hundenaturkost_1-768x320.jpg 768w, https:\/\/www.loisachtaler-hundenaturkost.de\/wp-content\/uploads\/2018\/08\/loisachtaler-hundenaturkost_1.jpg 1440w\" sizes=\"auto, (max-width: 1020px) 100vw, 1020px\" \/>\t\t\t\t\t\t\n\t\t\t\t\t<\/div>\n\t\t\t\t\t\t\t\t\n<style>\n#image_105817231 {\n  width: 100%;\n}\n<\/style>\n\t<\/div>\n\t\n\n\n     <\/div>\n\n     <div class=\"loading-spin dark large centered\"><\/div>\n\n\t\n<style>\n#slider-1677592562 .flickity-slider > * {\n  max-width: 1440px!important;\n}\n<\/style>\n<\/div>\n\n\n\n\t\t<\/div>\n\t\t\t\t\t<\/div>\n\n\t\n\n<\/div>\n<div class=\"row\"  id=\"row-853261715\">\n\n\n\t<div id=\"col-999102755\" class=\"col medium-6 small-12 large-6\"  >\n\t\t\t\t<div class=\"col-inner\"  >\n\t\t\t\n\t\t\t\n\n<div class=\"message-box relative\" style=\"padding-top:15px;padding-bottom:15px;\"><div class=\"message-box-bg-image bg-fill fill\" ><\/div><div class=\"message-box-bg-overlay bg-fill fill\" style=\"background-color:rgb(249, 247, 232);\"><\/div><div class=\"container relative\"><div class=\"inner last-reset\">\n\n<div class=\"row align-middle align-center\"  id=\"row-550365648\">\n\n\n\t<div id=\"col-1433089929\" class=\"col small-12 large-12\"  >\n\t\t\t\t<div class=\"col-inner text-center\"  >\n\t\t\t\n\t\t\t\n\n<p><span style=\"color: #997b30; font-size: 110%;\"><strong>Ich m\u00f6chte Loisachtaler Produkte kaufen:<\/strong><\/span><\/p>\n\t<div id=\"gap-1124920421\" class=\"gap-element clearfix\" style=\"display:block; height:auto;\">\n\t\t\n<style>\n#gap-1124920421 {\n  padding-top: 5px;\n}\n<\/style>\n\t<\/div>\n\t\n\n\n\t\t<\/div>\n\t\t\t\t\n<style>\n#col-1433089929 > .col-inner {\n  margin: 0px 0px 20p 0px;\n}\n<\/style>\n\t<\/div>\n\n\t\n\n\t<div id=\"col-127648730\" class=\"col medium-8 small-12 large-8\"  >\n\t\t\t\t<div class=\"col-inner text-center\"  >\n\t\t\t\n\t\t\t\n\n<a href=\"\/haendler\/\" class=\"button success is-gloss is-large\"  style=\"border-radius:5px;\">\n    <span>N\u00e4hester H\u00e4ndler<\/span>\n  <i class=\"icon-angle-right\" aria-hidden=\"true\" ><\/i><\/a>\n\n\n<a href=\"\/onlinehaendler\/\" class=\"button success is-gloss is-large\"  style=\"border-radius:5px;\">\n    <span>Onlineh\u00e4ndler<\/span>\n  <i class=\"icon-angle-right\" aria-hidden=\"true\" ><\/i><\/a>\n\n\n\n\t\t<\/div>\n\t\t\t\t\t<\/div>\n\n\t\n\n<\/div>\n\n<\/div><\/div><\/div>\n\n\t\t<\/div>\n\t\t\t\t\t<\/div>\n\n\t\n\n\t<div id=\"col-395920625\" class=\"col medium-6 small-12 large-6\"  >\n\t\t\t\t<div class=\"col-inner\"  >\n\t\t\t\n\t\t\t\n\n<div class=\"message-box relative dark\" style=\"padding-top:15px;padding-bottom:15px;\"><div class=\"message-box-bg-image bg-fill fill\" ><\/div><div class=\"message-box-bg-overlay bg-fill fill\" style=\"background-color:rgb(249, 247, 232);\"><\/div><div class=\"container relative\"><div class=\"inner last-reset\">\n\n<div class=\"row align-middle align-center\"  id=\"row-1787721687\">\n\n\n\t<div id=\"col-1211242904\" class=\"col small-12 large-12\"  >\n\t\t\t\t<div class=\"col-inner text-center\"  >\n\t\t\t\n\t\t\t\n\n<p><span style=\"color: #997b30;\"><strong>Ich m\u00f6chte mir alle Produkte ansehen:<\/strong><\/span><\/p>\n\t<div id=\"gap-320612900\" class=\"gap-element clearfix\" style=\"display:block; height:auto;\">\n\t\t\n<style>\n#gap-320612900 {\n  padding-top: 5px;\n}\n<\/style>\n\t<\/div>\n\t\n\n\n\t\t<\/div>\n\t\t\t\t\t<\/div>\n\n\t\n\n\t<div id=\"col-460038561\" class=\"col medium-7 small-12 large-7\"  >\n\t\t\t\t<div class=\"col-inner text-center\"  >\n\t\t\t\n\t\t\t\n\n<a href=\"https:\/\/www.loisachtaler-hundenaturkost.de\/produkte\/\" class=\"button success is-gloss is-large\"  style=\"border-radius:5px;\">\n    <span>Zum Sortiment<\/span>\n  <i class=\"icon-angle-right\" aria-hidden=\"true\" ><\/i><\/a>\n\n\n\n\t\t<\/div>\n\t\t\t\t\t<\/div>\n\n\t\n\n<\/div>\n\n<\/div><\/div><\/div>\n\n\t\t<\/div>\n\t\t\t\t\t<\/div>\n\n\t\n\n<\/div>\n<p style=\"text-align: center; font-size: 30px; margin-bottom: 0; margin-top: 50px;\">Wir machen <span style=\"color: #128d3b;\"><b>Naturkostprodukte f\u00fcr Hunde<\/b><\/span><\/p>\n<div class=\"container section-title-container\" ><h3 class=\"section-title section-title-center\"><b><\/b><span class=\"section-title-main\" style=\"font-size:69%;\">Wie wir das Produkt herstellen<\/span><b><\/b><\/h3><\/div>\n\n<div class=\"row\"  id=\"row-627676243\">\n\n\n\t<div id=\"col-1354834119\" class=\"col medium-2 small-12 large-2\"  >\n\t\t\t\t<div class=\"col-inner\"  >\n\t\t\t\n\t\t\t\n\n\n\t\t<\/div>\n\t\t\t\t\t<\/div>\n\n\t\n\n\t<div id=\"col-831839413\" class=\"col medium-8 small-12 large-8\"  >\n\t\t\t\t<div class=\"col-inner\"  >\n\t\t\t\n\t\t\t\n\n<p style=\"text-align: center;\">Wir verzichten konsequent auf Konservierungsstoffe, chemische Zus\u00e4tze, Geschmacksverst\u00e4rker, Bindemittel, Formfleisch, Tier- und Knochenmehle, Schlachtabf\u00e4lle, Fettzugabe, Aromastoffe, Pflanzen- und Getreidemehl, genmanipulierte Zutaten, Fremdproteine, Zuckerzus\u00e4tze und Lockstoffe. Ausschlie\u00dfliche Verwendung von schlachtfrischem Fleisch aus Schlachtungen, das f\u00fcr menschliche Ern\u00e4hrung zugelassen wurde (Lebensmittelqualit\u00e4t).<\/p>\n<p style=\"text-align: center;\"><strong>Hergestellt in Deutschland<\/strong>. <br \/>Frischfleisch nur von <strong>EU zugelassenen Schlachtbetrieben<\/strong> unter strenger veterin\u00e4rmedizinischer Aufsicht.<\/p>\n<p style=\"text-align: center;\">Qualit\u00e4t der Spitzenklasse durch frische, rein -nat\u00fcrliche Zutaten und schonende Verarbeitung.&nbsp;100% <strong>Naturkost<\/strong>, daher optimal verdaulich, gesund und wohlschmeckend<br \/>Der <strong>Verzicht auf chemische Zus\u00e4tze<\/strong> jeglicher Art macht unser Produkt so besonders.<\/p>\n\n\t\t<\/div>\n\t\t\t\t\t<\/div>\n\n\t\n\n\t<div id=\"col-21657263\" class=\"col medium-2 small-12 large-2\"  >\n\t\t\t\t<div class=\"col-inner\"  >\n\t\t\t\n\t\t\t\n\n\n\t\t<\/div>\n\t\t\t\t\t<\/div>\n\n\t\n\n<\/div>\n<div class=\"row row-full-width align-equal align-center\"  id=\"row-998256065\">\n\n\n\t<div id=\"col-1824600534\" class=\"col medium-4 small-12 large-4\"  >\n\t\t\t\t<div class=\"col-inner text-center\"  >\n\t\t\t\n\t\t\t\n\n\n\t\t<\/div>\n\t\t\t\t\t<\/div>\n\n\t\n\n<\/div>\n\n\t\t<\/div>\n\t\t\t\t\n<style>\n#col-343935148 > .col-inner {\n  padding: 0px 0px 0px 0px;\n}\n<\/style>\n\t<\/div>\n\n\t\n\n<\/div>\n\n\t\t<\/div>\n\n\t\t\n<style>\n#section_820218290 {\n  padding-top: 0px;\n  padding-bottom: 0px;\n  margin-bottom: 0px;\n}\n<\/style>\n\t<\/section>\n\t\n\n\n\n\n\t<div id=\"gap-1637283078\" class=\"gap-element clearfix\" style=\"display:block; height:auto;\">\n\t\t\n<style>\n#gap-1637283078 {\n  padding-top: 130px;\n}\n<\/style>\n\t<\/div>\n\t\n\n\t<div class=\"img has-hover x md-x lg-x y md-y lg-y\" id=\"image_1047536683\">\n\t\t\t\t\t\t\t\t<div class=\"img-inner dark\" >\n\t\t\t<img loading=\"lazy\" decoding=\"async\" width=\"1020\" height=\"157\" src=\"https:\/\/www.loisachtaler-hundenaturkost.de\/wp-content\/uploads\/2018\/02\/header-1400x216.png\" class=\"attachment-large size-large\" alt=\"herobox-loisachtaler-hundenaturkost\" srcset=\"https:\/\/www.loisachtaler-hundenaturkost.de\/wp-content\/uploads\/2018\/02\/header-1400x216.png 1400w, https:\/\/www.loisachtaler-hundenaturkost.de\/wp-content\/uploads\/2018\/02\/header-800x123.png 800w, https:\/\/www.loisachtaler-hundenaturkost.de\/wp-content\/uploads\/2018\/02\/header-768x118.png 768w, https:\/\/www.loisachtaler-hundenaturkost.de\/wp-content\/uploads\/2018\/02\/header-600x92.png 600w, https:\/\/www.loisachtaler-hundenaturkost.de\/wp-content\/uploads\/2018\/02\/header.png 2000w\" sizes=\"auto, (max-width: 1020px) 100vw, 1020px\" \/>\t\t\t\t\t\t\n\t\t\t\t\t<\/div>\n\t\t\t\t\t\t\t\t\n<style>\n#image_1047536683 {\n  width: 100%;\n}\n<\/style>\n\t<\/div>\n\t\n\n\n","protected":false},"excerpt":{"rendered":"","protected":false},"author":1,"featured_media":0,"parent":0,"menu_order":0,"comment_status":"closed","ping_status":"closed","template":"page-blank.php","meta":{"footnotes":""},"class_list":["post-35467","page","type-page","status-publish","hentry"],"_links":{"self":[{"href":"https:\/\/www.loisachtaler-hundenaturkost.de\/de-ch\/wp-json\/wp\/v2\/pages\/35467","targetHints":{"allow":["GET"]}}],"collection":[{"href":"https:\/\/www.loisachtaler-hundenaturkost.de\/de-ch\/wp-json\/wp\/v2\/pages"}],"about":[{"href":"https:\/\/www.loisachtaler-hundenaturkost.de\/de-ch\/wp-json\/wp\/v2\/types\/page"}],"author":[{"embeddable":true,"href":"https:\/\/www.loisachtaler-hundenaturkost.de\/de-ch\/wp-json\/wp\/v2\/users\/1"}],"replies":[{"embeddable":true,"href":"https:\/\/www.loisachtaler-hundenaturkost.de\/de-ch\/wp-json\/wp\/v2\/comments?post=35467"}],"version-history":[{"count":4,"href":"https:\/\/www.loisachtaler-hundenaturkost.de\/de-ch\/wp-json\/wp\/v2\/pages\/35467\/revisions"}],"predecessor-version":[{"id":35577,"href":"https:\/\/www.loisachtaler-hundenaturkost.de\/de-ch\/wp-json\/wp\/v2\/pages\/35467\/revisions\/35577"}],"wp:attachment":[{"href":"https:\/\/www.loisachtaler-hundenaturkost.de\/de-ch\/wp-json\/wp\/v2\/media?parent=35467"}],"curies":[{"name":"wp","href":"https:\/\/api.w.org\/{rel}","templated":true}]}}